{"id":3519,"date":"2024-04-09T12:28:06","date_gmt":"2024-04-09T10:28:06","guid":{"rendered":"https:\/\/leiroresidences.com\/swimmingpools\/"},"modified":"2026-02-04T18:00:31","modified_gmt":"2026-02-04T17:00:31","slug":"swimmingpools","status":"publish","type":"page","link":"https:\/\/leiroresidences.com\/de\/swimmingpools\/","title":{"rendered":"Pools"},"content":{"rendered":"\n<div class=\"wp-block-group has-global-padding is-layout-constrained wp-container-core-group-is-layout-9fae62b9 wp-block-group-is-layout-constrained\" style=\"padding-right:1rem;padding-left:1rem\">\n<section class=\"wp-block-group has-global-padding is-layout-constrained wp-container-core-group-is-layout-dab67f8d wp-block-group-is-layout-constrained\" style=\"padding-top:30px;padding-bottom:30px\">\n<p class=\"has-text-align-center\">Genie\u00dfen Sie unsere Au\u00dfen- und Innenpools und machen Sie Ihren Urlaub noch sch\u00f6ner. Unser Infinity Pool, der neu eingef\u00fchrte MED Pool und die Innenpools wurden sorgf\u00e4ltig entworfen, um sich harmonisch in die Natur einzuf\u00fcgen, und steigern Ihr Gef\u00fchl von Freiheit im Higueron. Genie\u00dfen Sie handgemachte Cocktails und weitere Getr\u00e4nke, die Ihre Auszeit so entspannt wie m\u00f6glich machen.  <\/p>\n<\/section>\n\n\n\n<section class=\"wp-block-uagb-container uagb-block-b30edb4c alignfull uagb-is-root-container\"><div class=\"uagb-container-inner-blocks-wrap\">\n<div class=\"wp-block-uagb-container fadeinright uagb-block-73f60147\">\n<figure class=\"wp-block-image size-full has-custom-border max-xs\"><img decoding=\"async\" width=\"600\" height=\"856\" src=\"https:\/\/leiroresidences.com\/wp-content\/uploads\/2024\/04\/INFINITY-BALINESAS.min_.webp\" alt=\"\" class=\"wp-image-237\" style=\"border-radius:50rem;aspect-ratio:16\/9;object-fit:cover\" srcset=\"https:\/\/leiroresidences.com\/wp-content\/uploads\/2024\/04\/INFINITY-BALINESAS.min_.webp 600w, https:\/\/leiroresidences.com\/wp-content\/uploads\/2024\/04\/INFINITY-BALINESAS.min_-210x300.webp 210w\" sizes=\"(max-width: 600px) 100vw, 600px\" \/><\/figure>\n<\/div>\n\n\n\n<div class=\"wp-block-uagb-container fadeinleft uagb-block-06ef71a6\">\n<div class=\"wp-block-uagb-advanced-heading uagb-block-d3a184a1\"><h2 class=\"uagb-heading-text\"><strong><strong>INFINITY POOL<\/strong><\/strong><\/h2><\/div>\n\n\n\n<div class=\"wp-block-uagb-advanced-heading uagb-block-97d53f96\"><p class=\"uagb-heading-text\"><strong>Genie\u00dfen Sie unseren Infinity Pool mit atemberaubendem Blick auf das Mittelmeer.<\/strong> Tags\u00fcber relaxen Sie auf einem balinesischen Bett, abends genie\u00dfen Sie erstklassige Cocktails und groovige DJ-Beats. Dieses Erlebnis bleibt Ihnen bestimmt in Erinnerung. <\/p><\/div>\n\n\n\n<div class=\"wp-block-uagb-advanced-heading uagb-block-75c02583\"><p class=\"uagb-heading-text\">Der exklusive Zugang ist ausschlie\u00dflich Erwachsenen vorbehalten.<\/p><\/div>\n<\/div>\n<\/div><\/section>\n\n\n\n<section class=\"wp-block-uagb-container uagb-block-dd0588c8 alignfull uagb-is-root-container\"><div class=\"uagb-container-inner-blocks-wrap\">\n<div class=\"wp-block-uagb-container fadeinright uagb-block-b572efa1\">\n<div class=\"wp-block-uagb-advanced-heading uagb-block-727a09d0\"><h2 class=\"uagb-heading-text\"><strong><strong><strong>MED POOL<\/strong><\/strong><\/strong><\/h2><\/div>\n\n\n\n<div class=\"wp-block-uagb-advanced-heading uagb-block-d9edb156\"><p class=\"uagb-heading-text\">Unser Pool befindet sich im Erdgeschoss des Hotels, umgeben von wiegenden Palmen, und verf\u00fcgt \u00fcber einen gro\u00dfz\u00fcgigen Terrassenbereich, der zum Entspannen einl\u00e4dt. Alle <a href=\"https:\/\/leiroresidences.com\/de\/\">Hotelg\u00e4ste des Higuer\u00f3n Costa del Sol<\/a> haben kostenlosen Zugang zu diesem Pool. <\/p><\/div>\n<\/div>\n\n\n\n<div class=\"wp-block-uagb-container fadeinleft uagb-block-35847ea5\">\n<figure class=\"wp-block-image size-large has-custom-border is-style-rounded max-xs\"><img decoding=\"async\" width=\"1024\" height=\"683\" src=\"https:\/\/leiroresidences.com\/wp-content\/uploads\/2024\/04\/CURIO-01.min_-1024x683.webp\" alt=\"\" class=\"wp-image-531\" style=\"border-radius:50rem;aspect-ratio:16\/9;object-fit:cover\" srcset=\"https:\/\/leiroresidences.com\/wp-content\/uploads\/2024\/04\/CURIO-01.min_-1024x683.webp 1024w, https:\/\/leiroresidences.com\/wp-content\/uploads\/2024\/04\/CURIO-01.min_-300x200.webp 300w, https:\/\/leiroresidences.com\/wp-content\/uploads\/2024\/04\/CURIO-01.min_-768x512.webp 768w, https:\/\/leiroresidences.com\/wp-content\/uploads\/2024\/04\/CURIO-01.min_.webp 1500w\" sizes=\"(max-width: 1024px) 100vw, 1024px\" \/><\/figure>\n<\/div>\n<\/div><\/section>\n\n\n\n<section class=\"wp-block-uagb-container uagb-block-e38a51d7 alignfull uagb-is-root-container\"><div class=\"uagb-container-inner-blocks-wrap\">\n<div class=\"wp-block-uagb-container fadeinright uagb-block-118e7acc\">\n<figure class=\"wp-block-image size-full has-custom-border max-xs\"><img decoding=\"async\" width=\"1499\" height=\"999\" src=\"https:\/\/leiroresidences.com\/wp-content\/uploads\/2024\/04\/piscina.min_.webp\" alt=\"\" class=\"wp-image-533\" style=\"border-radius:50rem;aspect-ratio:16\/9;object-fit:cover\" srcset=\"https:\/\/leiroresidences.com\/wp-content\/uploads\/2024\/04\/piscina.min_.webp 1499w, https:\/\/leiroresidences.com\/wp-content\/uploads\/2024\/04\/piscina.min_-300x200.webp 300w, https:\/\/leiroresidences.com\/wp-content\/uploads\/2024\/04\/piscina.min_-1024x682.webp 1024w, https:\/\/leiroresidences.com\/wp-content\/uploads\/2024\/04\/piscina.min_-768x512.webp 768w\" sizes=\"(max-width: 1499px) 100vw, 1499px\" \/><\/figure>\n<\/div>\n\n\n\n<div class=\"wp-block-uagb-container fadeinleft uagb-block-9636438a\">\n<div class=\"wp-block-uagb-advanced-heading uagb-block-6e95bd6a\"><h2 class=\"uagb-heading-text\"><strong><strong><strong>Innenpool<\/strong><\/strong><\/strong><\/h2><\/div>\n\n\n\n<div class=\"wp-block-uagb-advanced-heading uagb-block-0ea71d0e\"><p class=\"uagb-heading-text\"><strong>Entdecken Sie unser Innenpool im Sportclub.<\/strong><\/p><\/div>\n\n\n\n<div class=\"wp-block-uagb-advanced-heading uagb-block-0163ddd5\"><p class=\"uagb-heading-text\">Mit einer L\u00e4nge von 25 Metern verf\u00fcgt es \u00fcber vier Schwimmbahnen sowie eine spezielle Bahn f\u00fcr die Rehabilitation durch Wassersport.<\/p><\/div>\n<\/div>\n<\/div><\/section>\n<\/div>\n","protected":false},"excerpt":{"rendered":"<p>Genie\u00dfen Sie unsere Au\u00dfen- und Innenpools und machen Sie Ihren Urlaub noch sch\u00f6ner. Unser Infinity Pool, der neu eingef\u00fchrte MED Pool und die Innenpools wurden sorgf\u00e4ltig entworfen, um sich harmonisch in die Natur einzuf\u00fcgen, und steigern Ihr Gef\u00fchl von Freiheit im Higueron. Genie\u00dfen Sie handgemachte Cocktails und weitere Getr\u00e4nke, die Ihre Auszeit so entspannt wie&#8230;<\/p>\n","protected":false},"author":1,"featured_media":3522,"parent":0,"menu_order":0,"comment_status":"closed","ping_status":"closed","template":"","meta":{"_acf_changed":false,"inline_featured_image":false,"_uag_custom_page_level_css":"","footnotes":""},"class_list":["post-3519","page","type-page","status-publish","has-post-thumbnail","hentry"],"acf":[],"uagb_featured_image_src":{"full":["https:\/\/leiroresidences.com\/wp-content\/uploads\/2024\/04\/pool.min_.webp",1920,1080,false],"thumbnail":["https:\/\/leiroresidences.com\/wp-content\/uploads\/2024\/04\/pool.min_-150x150.webp",150,150,true],"medium":["https:\/\/leiroresidences.com\/wp-content\/uploads\/2024\/04\/pool.min_-300x169.webp",300,169,true],"medium_large":["https:\/\/leiroresidences.com\/wp-content\/uploads\/2024\/04\/pool.min_-768x432.webp",768,432,true],"large":["https:\/\/leiroresidences.com\/wp-content\/uploads\/2024\/04\/pool.min_-1024x576.webp",1024,576,true],"1536x1536":["https:\/\/leiroresidences.com\/wp-content\/uploads\/2024\/04\/pool.min_-1536x864.webp",1536,864,true],"2048x2048":["https:\/\/leiroresidences.com\/wp-content\/uploads\/2024\/04\/pool.min_.webp",1920,1080,false]},"uagb_author_info":{"display_name":"@oscar","author_link":"https:\/\/leiroresidences.com\/de\/author\/oscar\/"},"uagb_comment_info":0,"uagb_excerpt":"Genie\u00dfen Sie unsere Au\u00dfen- und Innenpools und machen Sie Ihren Urlaub noch sch\u00f6ner. Unser Infinity Pool, der neu eingef\u00fchrte MED Pool und die Innenpools wurden sorgf\u00e4ltig entworfen, um sich harmonisch in die Natur einzuf\u00fcgen, und steigern Ihr Gef\u00fchl von Freiheit im Higueron. Genie\u00dfen Sie handgemachte Cocktails und weitere Getr\u00e4nke, die Ihre Auszeit so entspannt wie...","_links":{"self":[{"href":"https:\/\/leiroresidences.com\/de\/wp-json\/wp\/v2\/pages\/3519","targetHints":{"allow":["GET"]}}],"collection":[{"href":"https:\/\/leiroresidences.com\/de\/wp-json\/wp\/v2\/pages"}],"about":[{"href":"https:\/\/leiroresidences.com\/de\/wp-json\/wp\/v2\/types\/page"}],"author":[{"embeddable":true,"href":"https:\/\/leiroresidences.com\/de\/wp-json\/wp\/v2\/users\/1"}],"replies":[{"embeddable":true,"href":"https:\/\/leiroresidences.com\/de\/wp-json\/wp\/v2\/comments?post=3519"}],"version-history":[{"count":9,"href":"https:\/\/leiroresidences.com\/de\/wp-json\/wp\/v2\/pages\/3519\/revisions"}],"predecessor-version":[{"id":4233,"href":"https:\/\/leiroresidences.com\/de\/wp-json\/wp\/v2\/pages\/3519\/revisions\/4233"}],"wp:featuredmedia":[{"embeddable":true,"href":"https:\/\/leiroresidences.com\/de\/wp-json\/wp\/v2\/media\/3522"}],"wp:attachment":[{"href":"https:\/\/leiroresidences.com\/de\/wp-json\/wp\/v2\/media?parent=3519"}],"curies":[{"name":"wp","href":"https:\/\/api.w.org\/{rel}","templated":true}]}}