{"id":1670,"date":"2024-11-29T08:34:12","date_gmt":"2024-11-29T07:34:12","guid":{"rendered":"https:\/\/leiroresidences.com\/?page_id=1670"},"modified":"2024-12-13T09:01:32","modified_gmt":"2024-12-13T08:01:32","slug":"higueron-tennis-center","status":"publish","type":"page","link":"https:\/\/leiroresidences.com\/es\/higueron-tennis-center\/","title":{"rendered":"Higuer\u00f3n Tennis Center Jorge Aguirre"},"content":{"rendered":"\n<div class=\"wp-block-group has-global-padding is-layout-constrained wp-container-core-group-is-layout-9fae62b9 wp-block-group-is-layout-constrained\" style=\"padding-right:1rem;padding-left:1rem\">\n<section class=\"wp-block-group has-global-padding is-layout-constrained wp-container-core-group-is-layout-dab67f8d wp-block-group-is-layout-constrained\" style=\"padding-top:30px;padding-bottom:30px\">\n<p class=\"has-text-align-center\">Bienvenido a <a href=\"https:\/\/leiroresidences.com\/es\/\">Leiro Residences<\/a>, donde el lujo y el deporte de alto nivel se fusionan para ofrecerle una experiencia \u00fanica en el coraz\u00f3n de Higuer\u00f3n Resort. Ahora, nuestros hu\u00e9spedes pueden disfrutar de acceso exclusivo al reci\u00e9n inaugurado Higuer\u00f3n Tennis Center Jorge Aguirre, el nuevo epicentro del tenis en M\u00e1laga.<br><\/p>\n<\/section>\n\n\n\n<section class=\"wp-block-uagb-container uagb-block-e38a51d7 alignfull uagb-is-root-container\"><div class=\"uagb-container-inner-blocks-wrap\">\n<div class=\"wp-block-uagb-container fadeinright uagb-block-118e7acc\">\n<figure class=\"wp-block-image size-full has-custom-border max-xs\"><img decoding=\"async\" width=\"900\" height=\"675\" src=\"https:\/\/leiroresidences.com\/wp-content\/uploads\/2024\/12\/higueron-tennis-center.jpeg\" alt=\"presentaci\u00f3n higuer\u00f3n tennis center\" class=\"wp-image-1681\" style=\"border-radius:50rem;aspect-ratio:16\/9;object-fit:cover\" srcset=\"https:\/\/leiroresidences.com\/wp-content\/uploads\/2024\/12\/higueron-tennis-center.jpeg 900w, https:\/\/leiroresidences.com\/wp-content\/uploads\/2024\/12\/higueron-tennis-center-300x225.jpeg 300w, https:\/\/leiroresidences.com\/wp-content\/uploads\/2024\/12\/higueron-tennis-center-768x576.jpeg 768w\" sizes=\"(max-width: 900px) 100vw, 900px\" \/><\/figure>\n<\/div>\n\n\n\n<div class=\"wp-block-uagb-container fadeinleft uagb-block-9636438a\">\n<div class=\"wp-block-uagb-advanced-heading uagb-block-6e95bd6a\"><h2 class=\"uagb-heading-text\"><strong>El M\u00c1XIMO NIVEL DEL TENIS INTERNACIONAL<\/strong><\/h2><\/div>\n\n\n\n<div class=\"wp-block-uagb-advanced-heading uagb-block-611076c5\"><p class=\"uagb-heading-text\">Espacio de vanguardia liderado por el reconocido entrenador Jorge Aguirre, dedicado a la formaci\u00f3n de j\u00f3venes talentos y a la preparaci\u00f3n de jugadores de alto rendimiento. Con instalaciones de primer nivel, el centro ofrece:<br><\/p><\/div>\n\n\n\n<ul class=\"wp-block-list\">\n<li><strong>Cuatro pistas r\u00e1pidas y una pista de tierra batida dise\u00f1adas bajo est\u00e1ndares profesionales<\/strong>.<\/li>\n\n\n\n<li><strong>Programas de entrenamiento personalizados<\/strong> para todos los niveles y edades.<\/li>\n\n\n\n<li><strong>Servicios integrales de coaching y managemen<\/strong>t, incluyendo fisioterapia y entrenamiento mental.<\/li>\n\n\n\n<li>Oportunidades de <strong>becas para estudios y entrenamiento en Estados Unidos<\/strong>.<\/li>\n<\/ul>\n<\/div>\n<\/div><\/section>\n<\/div>\n\n\n\n<section class=\"wp-block-group of-hidden fadein has-global-padding is-layout-constrained wp-container-core-group-is-layout-12243e0f wp-block-group-is-layout-constrained\">\n<div class=\"wp-block-uagb-container overflow uagb-block-017ea823 alignfull uagb-is-root-container\"><div class=\"uagb-container-inner-blocks-wrap\">\t\t\t\t\t<div\n\t\t\t\t\t\tclass=\"wp-block-uagb-image-gallery uagb-block-c6e6f0b0 overflow-carousel    \"\n\t\t\t\t\t\tstyle=\"\"\n\t\t\t\t\t>\n\t\t\t\t\t\t\t\t\t\t\t<div class=\"spectra-image-gallery spectra-image-gallery__layout--carousel\">\n\t\t\t\t\t\t\t\t<div class=\"uagb-slick-carousel uagb-block-c6e6f0b0\">\n\t\t\t\t\t\t\t\t\t\t\t\t<div class='spectra-image-gallery__media-wrapper' data-spectra-gallery-image-id='1624'>\n\t\t\t\t\t\t\t<div class=\"spectra-image-gallery__media spectra-image-gallery__media--carousel\">\n\t\t\t\t<picture>\n\t\t\t\t\t<source media=\"(min-width: 1024px)\" srcset=\"https:\/\/leiroresidences.com\/wp-content\/uploads\/2024\/12\/presentacion-higueron-tennis-center.jpeg\">\n\t\t\t\t\t<source media=\"(min-width: 768px)\" srcset=\"https:\/\/leiroresidences.com\/wp-content\/uploads\/2024\/12\/presentacion-higueron-tennis-center.jpeg\">\n\t\t\t\t\t<img decoding=\"async\" class=\"spectra-image-gallery__media-thumbnail spectra-image-gallery__media-thumbnail--carousel\" src=\"https:\/\/leiroresidences.com\/wp-content\/uploads\/2024\/12\/presentacion-higueron-tennis-center-300x169.jpeg\" alt=\"presentaci\u00f3n Higuer\u00f3n Tennis Center\" loading=\"lazy\" \/>\n\t\t\t\t<\/picture>\n\t\t\t\t<div class=\"spectra-image-gallery__media-thumbnail-blurrer\"><\/div>\n\t\t\t\t\t\t\t\t\t\t\t<div class=\"spectra-image-gallery__media-thumbnail-caption-wrapper spectra-image-gallery__media-thumbnail-caption-wrapper--overlay\"><\/div>\n\t\t\t\t\t\t\t\t<\/div>\n\t\t\t\t\t\t<\/div>\n\t\t\t\t\t\t<div class='spectra-image-gallery__media-wrapper' data-spectra-gallery-image-id='1622'>\n\t\t\t\t\t\t\t<div class=\"spectra-image-gallery__media spectra-image-gallery__media--carousel\">\n\t\t\t\t<picture>\n\t\t\t\t\t<source media=\"(min-width: 1024px)\" srcset=\"https:\/\/leiroresidences.com\/wp-content\/uploads\/2024\/12\/inauguracion-higueron-tennis-center-1024x682.jpeg\">\n\t\t\t\t\t<source media=\"(min-width: 768px)\" srcset=\"https:\/\/leiroresidences.com\/wp-content\/uploads\/2024\/12\/inauguracion-higueron-tennis-center-1024x682.jpeg\">\n\t\t\t\t\t<img decoding=\"async\" class=\"spectra-image-gallery__media-thumbnail spectra-image-gallery__media-thumbnail--carousel\" src=\"https:\/\/leiroresidences.com\/wp-content\/uploads\/2024\/12\/inauguracion-higueron-tennis-center-300x200.jpeg\" alt=\"Inauguraci\u00f3n Higuer\u00f3n Tennis Center\" loading=\"lazy\" \/>\n\t\t\t\t<\/picture>\n\t\t\t\t<div class=\"spectra-image-gallery__media-thumbnail-blurrer\"><\/div>\n\t\t\t\t\t\t\t\t\t\t\t<div class=\"spectra-image-gallery__media-thumbnail-caption-wrapper spectra-image-gallery__media-thumbnail-caption-wrapper--overlay\"><\/div>\n\t\t\t\t\t\t\t\t<\/div>\n\t\t\t\t\t\t<\/div>\n\t\t\t\t\t\t<div class='spectra-image-gallery__media-wrapper' data-spectra-gallery-image-id='1677'>\n\t\t\t\t\t\t\t<div class=\"spectra-image-gallery__media spectra-image-gallery__media--carousel\">\n\t\t\t\t<picture>\n\t\t\t\t\t<source media=\"(min-width: 1024px)\" srcset=\"https:\/\/leiroresidences.com\/wp-content\/uploads\/2024\/12\/alumnos-higueron-tennis-center.jpg\">\n\t\t\t\t\t<source media=\"(min-width: 768px)\" srcset=\"https:\/\/leiroresidences.com\/wp-content\/uploads\/2024\/12\/alumnos-higueron-tennis-center.jpg\">\n\t\t\t\t\t<img decoding=\"async\" class=\"spectra-image-gallery__media-thumbnail spectra-image-gallery__media-thumbnail--carousel\" src=\"https:\/\/leiroresidences.com\/wp-content\/uploads\/2024\/12\/alumnos-higueron-tennis-center-225x300.jpg\" alt=\"alumnos\" loading=\"lazy\" \/>\n\t\t\t\t<\/picture>\n\t\t\t\t<div class=\"spectra-image-gallery__media-thumbnail-blurrer\"><\/div>\n\t\t\t\t\t\t\t\t\t\t\t<div class=\"spectra-image-gallery__media-thumbnail-caption-wrapper spectra-image-gallery__media-thumbnail-caption-wrapper--overlay\"><\/div>\n\t\t\t\t\t\t\t\t<\/div>\n\t\t\t\t\t\t<\/div>\n\t\t\t\t\t\t<div class='spectra-image-gallery__media-wrapper' data-spectra-gallery-image-id='1679'>\n\t\t\t\t\t\t\t<div class=\"spectra-image-gallery__media spectra-image-gallery__media--carousel\">\n\t\t\t\t<picture>\n\t\t\t\t\t<source media=\"(min-width: 1024px)\" srcset=\"https:\/\/leiroresidences.com\/wp-content\/uploads\/2024\/12\/alumnos-tennis-centeer-higueron.jpg\">\n\t\t\t\t\t<source media=\"(min-width: 768px)\" srcset=\"https:\/\/leiroresidences.com\/wp-content\/uploads\/2024\/12\/alumnos-tennis-centeer-higueron.jpg\">\n\t\t\t\t\t<img decoding=\"async\" class=\"spectra-image-gallery__media-thumbnail spectra-image-gallery__media-thumbnail--carousel\" src=\"https:\/\/leiroresidences.com\/wp-content\/uploads\/2024\/12\/alumnos-tennis-centeer-higueron-300x200.jpg\" alt=\"alumnos Higueron Tennis Center\" loading=\"lazy\" \/>\n\t\t\t\t<\/picture>\n\t\t\t\t<div class=\"spectra-image-gallery__media-thumbnail-blurrer\"><\/div>\n\t\t\t\t\t\t\t\t\t\t\t<div class=\"spectra-image-gallery__media-thumbnail-caption-wrapper spectra-image-gallery__media-thumbnail-caption-wrapper--overlay\"><\/div>\n\t\t\t\t\t\t\t\t<\/div>\n\t\t\t\t\t\t<\/div>\n\t\t\t\t\t\t<div class='spectra-image-gallery__media-wrapper' data-spectra-gallery-image-id='1681'>\n\t\t\t\t\t\t\t<div class=\"spectra-image-gallery__media spectra-image-gallery__media--carousel\">\n\t\t\t\t<picture>\n\t\t\t\t\t<source media=\"(min-width: 1024px)\" srcset=\"https:\/\/leiroresidences.com\/wp-content\/uploads\/2024\/12\/higueron-tennis-center.jpeg\">\n\t\t\t\t\t<source media=\"(min-width: 768px)\" srcset=\"https:\/\/leiroresidences.com\/wp-content\/uploads\/2024\/12\/higueron-tennis-center.jpeg\">\n\t\t\t\t\t<img decoding=\"async\" class=\"spectra-image-gallery__media-thumbnail spectra-image-gallery__media-thumbnail--carousel\" src=\"https:\/\/leiroresidences.com\/wp-content\/uploads\/2024\/12\/higueron-tennis-center-300x225.jpeg\" alt=\"presentaci\u00f3n higuer\u00f3n tennis center\" loading=\"lazy\" \/>\n\t\t\t\t<\/picture>\n\t\t\t\t<div class=\"spectra-image-gallery__media-thumbnail-blurrer\"><\/div>\n\t\t\t\t\t\t\t\t\t\t\t<div class=\"spectra-image-gallery__media-thumbnail-caption-wrapper spectra-image-gallery__media-thumbnail-caption-wrapper--overlay\"><\/div>\n\t\t\t\t\t\t\t\t<\/div>\n\t\t\t\t\t\t<\/div>\n\t\t\t\t\t\t<div class='spectra-image-gallery__media-wrapper' data-spectra-gallery-image-id='1683'>\n\t\t\t\t\t\t\t<div class=\"spectra-image-gallery__media spectra-image-gallery__media--carousel\">\n\t\t\t\t<picture>\n\t\t\t\t\t<source media=\"(min-width: 1024px)\" srcset=\"https:\/\/leiroresidences.com\/wp-content\/uploads\/2024\/12\/tennis-center.jpg\">\n\t\t\t\t\t<source media=\"(min-width: 768px)\" srcset=\"https:\/\/leiroresidences.com\/wp-content\/uploads\/2024\/12\/tennis-center.jpg\">\n\t\t\t\t\t<img decoding=\"async\" class=\"spectra-image-gallery__media-thumbnail spectra-image-gallery__media-thumbnail--carousel\" src=\"https:\/\/leiroresidences.com\/wp-content\/uploads\/2024\/12\/tennis-center-225x300.jpg\" alt=\"sorteo higueron tennis center\" loading=\"lazy\" \/>\n\t\t\t\t<\/picture>\n\t\t\t\t<div class=\"spectra-image-gallery__media-thumbnail-blurrer\"><\/div>\n\t\t\t\t\t\t\t\t\t\t\t<div class=\"spectra-image-gallery__media-thumbnail-caption-wrapper spectra-image-gallery__media-thumbnail-caption-wrapper--overlay\"><\/div>\n\t\t\t\t\t\t\t\t<\/div>\n\t\t\t\t\t\t<\/div>\n\t\t\t\t\t\t\t\t\t\t\t<\/div>\n\t\t\t\t\t\t\t<\/div>\n\t\t\t\t\t\t\t\t\t\t\t<\/div>\n\t\t\t\t\t\t\t\t\t\t\t<div class='spectra-image-gallery__control-lightbox' tabindex='0'>\n\t\t\t\t\t\t\t\t\t\t\t<div class=\"swiper spectra-image-gallery__control-lightbox--main\" dir=\"\">\n\t\t\t\t\t<div class=\"swiper-wrapper\">\n\t\t\t\t\t\t\t\t\t\t\t\t\t\n\t\t\t\t\t\t\t<div class=\"swiper-slide\">\n\t\t\t\t\t\t\t\t<img class=\"swiper-lazy\" data-src=\"https:\/\/leiroresidences.com\/wp-content\/uploads\/2024\/12\/presentacion-higueron-tennis-center.jpeg\" alt=\"presentaci\u00f3n Higuer\u00f3n Tennis Center\"\/>\n\t\t\t\t\t\t\t\t<div class=\"swiper-lazy-preloader swiper-lazy-preloader-white\"><\/div>\n\t\t\t\t\t\t\t\t\t\t\t\t\t\t\t<\/div>\n\t\t\t\t\t\t\t\t\t\t\t\t\t\n\t\t\t\t\t\t\t<div class=\"swiper-slide\">\n\t\t\t\t\t\t\t\t<img class=\"swiper-lazy\" data-src=\"https:\/\/leiroresidences.com\/wp-content\/uploads\/2024\/12\/inauguracion-higueron-tennis-center.jpeg\" alt=\"Inauguraci\u00f3n Higuer\u00f3n Tennis Center\"\/>\n\t\t\t\t\t\t\t\t<div class=\"swiper-lazy-preloader swiper-lazy-preloader-white\"><\/div>\n\t\t\t\t\t\t\t\t\t\t\t\t\t\t\t<\/div>\n\t\t\t\t\t\t\t\t\t\t\t\t\t\n\t\t\t\t\t\t\t<div class=\"swiper-slide\">\n\t\t\t\t\t\t\t\t<img class=\"swiper-lazy\" data-src=\"https:\/\/leiroresidences.com\/wp-content\/uploads\/2024\/12\/alumnos-higueron-tennis-center.jpg\" alt=\"alumnos\"\/>\n\t\t\t\t\t\t\t\t<div class=\"swiper-lazy-preloader swiper-lazy-preloader-white\"><\/div>\n\t\t\t\t\t\t\t\t\t\t\t\t\t\t\t<\/div>\n\t\t\t\t\t\t\t\t\t\t\t\t\t\n\t\t\t\t\t\t\t<div class=\"swiper-slide\">\n\t\t\t\t\t\t\t\t<img class=\"swiper-lazy\" data-src=\"https:\/\/leiroresidences.com\/wp-content\/uploads\/2024\/12\/alumnos-tennis-centeer-higueron.jpg\" alt=\"alumnos Higueron Tennis Center\"\/>\n\t\t\t\t\t\t\t\t<div class=\"swiper-lazy-preloader swiper-lazy-preloader-white\"><\/div>\n\t\t\t\t\t\t\t\t\t\t\t\t\t\t\t<\/div>\n\t\t\t\t\t\t\t\t\t\t\t\t\t\n\t\t\t\t\t\t\t<div class=\"swiper-slide\">\n\t\t\t\t\t\t\t\t<img class=\"swiper-lazy\" data-src=\"https:\/\/leiroresidences.com\/wp-content\/uploads\/2024\/12\/higueron-tennis-center.jpeg\" alt=\"presentaci\u00f3n higuer\u00f3n tennis center\"\/>\n\t\t\t\t\t\t\t\t<div class=\"swiper-lazy-preloader swiper-lazy-preloader-white\"><\/div>\n\t\t\t\t\t\t\t\t\t\t\t\t\t\t\t<\/div>\n\t\t\t\t\t\t\t\t\t\t\t\t\t\n\t\t\t\t\t\t\t<div class=\"swiper-slide\">\n\t\t\t\t\t\t\t\t<img class=\"swiper-lazy\" data-src=\"https:\/\/leiroresidences.com\/wp-content\/uploads\/2024\/12\/tennis-center.jpg\" alt=\"sorteo higueron tennis center\"\/>\n\t\t\t\t\t\t\t\t<div class=\"swiper-lazy-preloader swiper-lazy-preloader-white\"><\/div>\n\t\t\t\t\t\t\t\t\t\t\t\t\t\t\t<\/div>\n\t\t\t\t\t\t\t\t\t\t\t<\/div>\n\t\t\t\t\t<div class=\"swiper-button-next\"><\/div>\n\t\t\t\t\t<div class=\"swiper-button-prev\"><\/div>\n\t\t\t\t<\/div>\t\t\t\n\t\t\t\t\t\t\t\t\t\t\t\t\t\t<div class=\"spectra-image-gallery__control-lightbox--thumbnails-wrapper\">\n\t\t\t\t\t<div class=\"swiper spectra-image-gallery__control-lightbox--thumbnails\">\n\t\t\t\t\t\t<div class=\"swiper-wrapper\">\n\t\t\t\t\t\t\t\t\t\t\t\t\t\t\t<div class=\"swiper-slide\">\n\t\t\t\t\t\t\t\t\t<img decoding=\"async\" src=\"https:\/\/leiroresidences.com\/wp-content\/uploads\/2024\/12\/presentacion-higueron-tennis-center-150x150.jpeg\" tabindex=\"0\" alt=\"presentaci\u00f3n Higuer\u00f3n Tennis Center\"\/>\n\t\t\t\t\t\t\t\t<\/div>\n\t\t\t\t\t\t\t\t\t\t\t\t\t\t\t<div class=\"swiper-slide\">\n\t\t\t\t\t\t\t\t\t<img decoding=\"async\" src=\"https:\/\/leiroresidences.com\/wp-content\/uploads\/2024\/12\/inauguracion-higueron-tennis-center-150x150.jpeg\" tabindex=\"0\" alt=\"Inauguraci\u00f3n Higuer\u00f3n Tennis Center\"\/>\n\t\t\t\t\t\t\t\t<\/div>\n\t\t\t\t\t\t\t\t\t\t\t\t\t\t\t<div class=\"swiper-slide\">\n\t\t\t\t\t\t\t\t\t<img decoding=\"async\" src=\"https:\/\/leiroresidences.com\/wp-content\/uploads\/2024\/12\/alumnos-higueron-tennis-center-150x150.jpg\" tabindex=\"0\" alt=\"alumnos\"\/>\n\t\t\t\t\t\t\t\t<\/div>\n\t\t\t\t\t\t\t\t\t\t\t\t\t\t\t<div class=\"swiper-slide\">\n\t\t\t\t\t\t\t\t\t<img decoding=\"async\" src=\"https:\/\/leiroresidences.com\/wp-content\/uploads\/2024\/12\/alumnos-tennis-centeer-higueron-150x150.jpg\" tabindex=\"0\" alt=\"alumnos Higueron Tennis Center\"\/>\n\t\t\t\t\t\t\t\t<\/div>\n\t\t\t\t\t\t\t\t\t\t\t\t\t\t\t<div class=\"swiper-slide\">\n\t\t\t\t\t\t\t\t\t<img decoding=\"async\" src=\"https:\/\/leiroresidences.com\/wp-content\/uploads\/2024\/12\/higueron-tennis-center-150x150.jpeg\" tabindex=\"0\" alt=\"presentaci\u00f3n higuer\u00f3n tennis center\"\/>\n\t\t\t\t\t\t\t\t<\/div>\n\t\t\t\t\t\t\t\t\t\t\t\t\t\t\t<div class=\"swiper-slide\">\n\t\t\t\t\t\t\t\t\t<img decoding=\"async\" src=\"https:\/\/leiroresidences.com\/wp-content\/uploads\/2024\/12\/tennis-center-150x150.jpg\" tabindex=\"0\" alt=\"sorteo higueron tennis center\"\/>\n\t\t\t\t\t\t\t\t<\/div>\n\t\t\t\t\t\t\t\t\t\t\t\t\t<\/div>\n\t\t\t\t\t<\/div>\n\t\t\t\t<\/div>\n\t\t\t\t\t\t\t\t\t\t\t\t\t\t\t\t\t\t<div class='spectra-image-gallery__control-lightbox--count'>\n\t\t\t\t\t\t\t\t\t\t\t\t\t\t\t\t\t\t\t<span class='spectra-image-gallery__control-lightbox--count-page'>1<\/span>\/<span class='spectra-image-gallery__control-lightbox--count-total'>1<\/span>\n\t\t\t\t\t\t\t\t\t\t\t\t\t\t\t\t\t\t\n\t\t\t\t\t\t\t\t<\/div>\n\t\t\t\t\t\t\t\t\t\t\t\t\t\t\t\t\t\t\t\t\t\t<button class='spectra-image-gallery__control-lightbox--close' aria-label=\"Close\">\n\t\t\t\t\t\t\t\t\t\t\t\t\t<svg xmlns=\"https:\/\/www.w3.org\/2000\/svg\" viewBox= \"0 0 320 512\"><path d=\"M310.6 361.4c12.5 12.5 12.5 32.75 0 45.25C304.4 412.9 296.2 416 288 416s-16.38-3.125-22.62-9.375L160 301.3L54.63 406.6C48.38 412.9 40.19 416 32 416S15.63 412.9 9.375 406.6c-12.5-12.5-12.5-32.75 0-45.25l105.4-105.4L9.375 150.6c-12.5-12.5-12.5-32.75 0-45.25s32.75-12.5 45.25 0L160 210.8l105.4-105.4c12.5-12.5 32.75-12.5 45.25 0s12.5 32.75 0 45.25l-105.4 105.4L310.6 361.4z\"><\/path><\/svg>\n\t\t\t\t\t\t\t\t\t\t\t\t<\/button>\n\t\t\t\t\t\t\t\t\t\t\t\t\t<\/div>\n\t\t\t\t\t\t\t\t\t<\/div><\/div>\n<\/section>\n\n\n\n<div class=\"wp-block-group has-global-padding is-layout-constrained wp-container-core-group-is-layout-24cda5c1 wp-block-group-is-layout-constrained\" style=\"padding-right:var(--wp--preset--spacing--40);padding-bottom:90px;padding-left:var(--wp--preset--spacing--40)\">\n<section class=\"wp-block-uagb-container uagb-block-dd0588c8 alignfull uagb-is-root-container\"><div class=\"uagb-container-inner-blocks-wrap\">\n<div class=\"wp-block-uagb-container fadeinright uagb-block-b572efa1\">\n<div class=\"wp-block-uagb-advanced-heading uagb-block-727a09d0\"><h2 class=\"uagb-heading-text\"><strong><strong>BENEFICIOS EXCLUSIVOS PARA HU\u00c9SPEDES<\/strong><\/strong><\/h2><\/div>\n\n\n\n<div class=\"wp-block-uagb-advanced-heading uagb-block-181a5185\"><p class=\"uagb-heading-text\">Al hospedarse en Leiro Residences, usted obtiene privilegios \u00fanicos:<\/p><\/div>\n\n\n\n<ul class=\"wp-block-list\">\n<li><strong>Reservas Prioritarias<\/strong>: Asegure su tiempo en las pistas con acceso preferencial.<\/li>\n\n\n\n<li><strong>Descuentos Especiales<\/strong> en clases particulares y programas de entrenamiento.<\/li>\n\n\n\n<li><strong>Servicio de Concierge Deportivo<\/strong>: Coordinamos todas sus necesidades deportivas para una experiencia sin igual.<\/li>\n<\/ul>\n<\/div>\n\n\n\n<div class=\"wp-block-uagb-container fadeinleft uagb-block-35847ea5\">\n<figure class=\"wp-block-image size-full has-custom-border is-style-rounded max-xs\"><img decoding=\"async\" width=\"1500\" height=\"999\" src=\"https:\/\/leiroresidences.com\/wp-content\/uploads\/2024\/07\/leiro-residences-exclusivo.jpg\" alt=\"Leiro Residences exclusivo\" class=\"wp-image-1353\" style=\"border-radius:50rem;aspect-ratio:16\/9;object-fit:cover\" srcset=\"https:\/\/leiroresidences.com\/wp-content\/uploads\/2024\/07\/leiro-residences-exclusivo.jpg 1500w, https:\/\/leiroresidences.com\/wp-content\/uploads\/2024\/07\/leiro-residences-exclusivo-300x200.jpg 300w, https:\/\/leiroresidences.com\/wp-content\/uploads\/2024\/07\/leiro-residences-exclusivo-1024x682.jpg 1024w, https:\/\/leiroresidences.com\/wp-content\/uploads\/2024\/07\/leiro-residences-exclusivo-768x511.jpg 768w\" sizes=\"(max-width: 1500px) 100vw, 1500px\" \/><\/figure>\n<\/div>\n<\/div><\/section>\n<\/div>\n\n\n\n<div class=\"wp-block-group has-global-padding is-layout-constrained wp-container-core-group-is-layout-9fae62b9 wp-block-group-is-layout-constrained\" style=\"padding-right:1rem;padding-left:1rem\">\n<section class=\"wp-block-uagb-container uagb-block-0042a2a0 alignfull uagb-is-root-container\"><div class=\"uagb-container-inner-blocks-wrap\">\n<div class=\"wp-block-uagb-container fadeinright uagb-block-2525d346\">\n<figure class=\"wp-block-image size-full has-custom-border max-xs\"><img decoding=\"async\" width=\"900\" height=\"600\" src=\"https:\/\/leiroresidences.com\/wp-content\/uploads\/2024\/12\/alumnos-tennis-centeer-higueron.jpg\" alt=\"alumnos Higueron Tennis Center\" class=\"wp-image-1679\" style=\"border-radius:50rem;aspect-ratio:16\/9;object-fit:cover\" srcset=\"https:\/\/leiroresidences.com\/wp-content\/uploads\/2024\/12\/alumnos-tennis-centeer-higueron.jpg 900w, https:\/\/leiroresidences.com\/wp-content\/uploads\/2024\/12\/alumnos-tennis-centeer-higueron-300x200.jpg 300w, https:\/\/leiroresidences.com\/wp-content\/uploads\/2024\/12\/alumnos-tennis-centeer-higueron-768x512.jpg 768w\" sizes=\"(max-width: 900px) 100vw, 900px\" \/><\/figure>\n<\/div>\n\n\n\n<div class=\"wp-block-uagb-container fadeinleft uagb-block-8a171aec\">\n<div class=\"wp-block-uagb-advanced-heading uagb-block-be5ba810\"><h2 class=\"uagb-heading-text\"><strong>UN ESTILO DE VIDA SALUDABLE Y SOFISTICADO<\/strong><\/h2><\/div>\n\n\n\n<div class=\"wp-block-uagb-advanced-heading uagb-block-33f0a55c\"><p class=\"uagb-heading-text\">Nuestra propuesta va m\u00e1s all\u00e1 del alojamiento de lujo. Buscamos ofrecer un estilo de vida que equilibre el bienestar, el deporte y el descanso. Despu\u00e9s de una sesi\u00f3n en el tenis center, rel\u00e1jese en nuestras instalaciones:<br><\/p><\/div>\n\n\n\n<ul class=\"wp-block-list\">\n<li><a href=\"https:\/\/leiroresidences.com\/es\/spa\/\"><strong>Spa y Wellness Center<\/strong><\/a> con tratamientos rejuvenecedores.<\/li>\n\n\n\n<li><a href=\"https:\/\/leiroresidences.com\/es\/gastro-experience\/\"><strong>Restaurantes Gourmet<\/strong><\/a>, incluyendo Sollo de Diego Gallegos, para deleitar su paladar.<\/li>\n\n\n\n<li>Piscinas Infinity y \u00c1reas Verdes para desconectar y disfrutar del entorno natural.<\/li>\n<\/ul>\n<\/div>\n<\/div><\/section>\n<\/div>\n","protected":false},"excerpt":{"rendered":"<p>Bienvenido a Leiro Residences, donde el lujo y el deporte de alto nivel se fusionan para ofrecerle una experiencia \u00fanica en el coraz\u00f3n de Higuer\u00f3n Resort. Ahora, nuestros hu\u00e9spedes pueden disfrutar de acceso exclusivo al reci\u00e9n inaugurado Higuer\u00f3n Tennis Center Jorge Aguirre, el nuevo epicentro del tenis en M\u00e1laga. El M\u00c1XIMO NIVEL DEL TENIS INTERNACIONAL&#8230;<\/p>\n","protected":false},"author":3,"featured_media":1622,"parent":0,"menu_order":0,"comment_status":"closed","ping_status":"closed","template":"","meta":{"_acf_changed":false,"inline_featured_image":false,"_uag_custom_page_level_css":"","footnotes":""},"class_list":["post-1670","page","type-page","status-publish","has-post-thumbnail","hentry"],"acf":[],"uagb_featured_image_src":{"full":["https:\/\/leiroresidences.com\/wp-content\/uploads\/2024\/12\/inauguracion-higueron-tennis-center.jpeg",1400,933,false],"thumbnail":["https:\/\/leiroresidences.com\/wp-content\/uploads\/2024\/12\/inauguracion-higueron-tennis-center-150x150.jpeg",150,150,true],"medium":["https:\/\/leiroresidences.com\/wp-content\/uploads\/2024\/12\/inauguracion-higueron-tennis-center-300x200.jpeg",300,200,true],"medium_large":["https:\/\/leiroresidences.com\/wp-content\/uploads\/2024\/12\/inauguracion-higueron-tennis-center-768x512.jpeg",768,512,true],"large":["https:\/\/leiroresidences.com\/wp-content\/uploads\/2024\/12\/inauguracion-higueron-tennis-center-1024x682.jpeg",1024,682,true],"1536x1536":["https:\/\/leiroresidences.com\/wp-content\/uploads\/2024\/12\/inauguracion-higueron-tennis-center.jpeg",1400,933,false],"2048x2048":["https:\/\/leiroresidences.com\/wp-content\/uploads\/2024\/12\/inauguracion-higueron-tennis-center.jpeg",1400,933,false]},"uagb_author_info":{"display_name":"@carlos","author_link":"https:\/\/leiroresidences.com\/es\/author\/carlos\/"},"uagb_comment_info":0,"uagb_excerpt":"Bienvenido a Leiro Residences, donde el lujo y el deporte de alto nivel se fusionan para ofrecerle una experiencia \u00fanica en el coraz\u00f3n de Higuer\u00f3n Resort. Ahora, nuestros hu\u00e9spedes pueden disfrutar de acceso exclusivo al reci\u00e9n inaugurado Higuer\u00f3n Tennis Center Jorge Aguirre, el nuevo epicentro del tenis en M\u00e1laga. El M\u00c1XIMO NIVEL DEL TENIS INTERNACIONAL...","_links":{"self":[{"href":"https:\/\/leiroresidences.com\/es\/wp-json\/wp\/v2\/pages\/1670","targetHints":{"allow":["GET"]}}],"collection":[{"href":"https:\/\/leiroresidences.com\/es\/wp-json\/wp\/v2\/pages"}],"about":[{"href":"https:\/\/leiroresidences.com\/es\/wp-json\/wp\/v2\/types\/page"}],"author":[{"embeddable":true,"href":"https:\/\/leiroresidences.com\/es\/wp-json\/wp\/v2\/users\/3"}],"replies":[{"embeddable":true,"href":"https:\/\/leiroresidences.com\/es\/wp-json\/wp\/v2\/comments?post=1670"}],"version-history":[{"count":9,"href":"https:\/\/leiroresidences.com\/es\/wp-json\/wp\/v2\/pages\/1670\/revisions"}],"predecessor-version":[{"id":1687,"href":"https:\/\/leiroresidences.com\/es\/wp-json\/wp\/v2\/pages\/1670\/revisions\/1687"}],"wp:featuredmedia":[{"embeddable":true,"href":"https:\/\/leiroresidences.com\/es\/wp-json\/wp\/v2\/media\/1622"}],"wp:attachment":[{"href":"https:\/\/leiroresidences.com\/es\/wp-json\/wp\/v2\/media?parent=1670"}],"curies":[{"name":"wp","href":"https:\/\/api.w.org\/{rel}","templated":true}]}}