{"id":742,"date":"2024-04-16T19:12:17","date_gmt":"2024-04-16T17:12:17","guid":{"rendered":"https:\/\/leiroresidences.com\/?page_id=742"},"modified":"2024-09-16T14:30:24","modified_gmt":"2024-09-16T12:30:24","slug":"aviso-legal","status":"publish","type":"page","link":"https:\/\/leiroresidences.com\/es\/aviso-legal\/","title":{"rendered":"Aviso Legal"},"content":{"rendered":"\n<div class=\"wp-block-group has-global-padding is-layout-constrained wp-container-core-group-is-layout-b61f406a wp-block-group-is-layout-constrained\" style=\"padding-bottom:40px\">\n<p><strong><em>Identificaci\u00f3n y propiedad<\/em><\/strong><\/p>\n\n\n\n<p>A continuaci\u00f3n, figuran los datos de identificaci\u00f3n del propietario.<\/p>\n\n\n\n<p>\u2022 Titular: RESERVA DEL HIGUER\u00d3N SERVICIOS HOTELEROS, S.L.<\/p>\n\n\n\n<p>\u2022 NIF: B93160604<\/p>\n\n\n\n<p>\u2022 inscrito en el Registro Mercantil de M\u00e1laga, Hoja MA-111755 Tomo 4957 Folio 161<\/p>\n\n\n\n<p>\u2022 Direcci\u00f3n: Avenida del Higuer\u00f3n, 48, Malaga \u2013 Spain.<\/p>\n\n\n\n<p>\u2022 Email: dpd@higueronresort.com<\/p>\n\n\n\n<p>\u2022 Tel\u00e9fono de contacto: +34 952 573 964<\/p>\n\n\n\n<p>\u2022 Web: <a href=\"https:\/\/leiroresidences.com\/es\/\">www.leiroresidences.com<\/a><\/p>\n\n\n\n<p><strong><em>Condiciones de uso<\/em><\/strong><\/p>\n\n\n\n<p>La utilizaci\u00f3n del sitio web le atribuye la condici\u00f3n de Usuario, e implica la aceptaci\u00f3n plena de todas las cl\u00e1usulas y condiciones de uso incluidas en las p\u00e1ginas:<\/p>\n\n\n\n<ul class=\"wp-block-list\">\n<li>Aviso Legal<\/li>\n\n\n\n<li><a href=\"\/es\/politica-de-privacidad\/\">Pol\u00edtica de privacidad<\/a><\/li>\n\n\n\n<li><a href=\"\/es\/politica-de-cookies\/\">Pol\u00edtica de cookies<\/a><\/li>\n<\/ul>\n\n\n\n<p>Si no est\u00e1 conforme con todas y cada una de estas cl\u00e1usulas y condiciones, se abstendr\u00e1 de utilizar este sitio web.<\/p>\n\n\n\n<p>El acceso a este website no supone, en modo alguno, el inicio de una relaci\u00f3n comercial con RESERVA DEL HIGUER\u00d3N SERVICIOS HOTELEROS, S.L.<\/p>\n\n\n\n<p>A trav\u00e9s de este sitio web, el Titular le facilita el acceso y la utilizaci\u00f3n de diversos contenidos que el Titular o sus colaboradores han publicado a trav\u00e9s de Internet.<\/p>\n\n\n\n<p>A tal efecto, usted se obliga y compromete a NO utilizar cualquiera de los contenidos del sitio web con fines o efectos il\u00edcitos, prohibidos en el presente Aviso Legal o por la legislaci\u00f3n vigente, lesivos de los derechos e intereses de terceros, o que de cualquier forma puedan da\u00f1ar, inutilizar, sobrecargar, deteriorar o impedir la normal utilizaci\u00f3n de los contenidos, los equipos inform\u00e1ticos o los documentos, archivos y toda clase de contenidos almacenados en cualquier equipo inform\u00e1tico propios o contratados por RESERVA DEL HIGUER\u00d3N SERVICIOS HOTELEROS, S.L. de otros usuarios o de cualquier usuario de Internet.<\/p>\n\n\n\n<p><strong><em>Mayor\u00eda de edad<\/em><\/strong><\/p>\n\n\n\n<p>Debe ser mayor de 18 a\u00f1os para utilizar los servicios ofrecidos por RESERVA DEL HIGUER\u00d3N SERVICIOS HOTELEROS, S.L.. o la mayor\u00eda de edad que se exija en su pa\u00eds para registrarse en el sitio web o utilizarlo. Si reside en un pa\u00eds que no pertenece a la Regi\u00f3n Europea, debe tener al menos 13 a\u00f1os para utilizar el Sitio Web o la mayor\u00eda de edad que se exija en su pa\u00eds para registrarse o utilizar el Sitio Web.<\/p>\n\n\n\n<p>Adem\u00e1s de tener la edad m\u00ednima requerida para utilizar el sitio web seg\u00fan la legislaci\u00f3n aplicable, si usted no tiene edad suficiente para aceptar las condiciones en su pa\u00eds, su padre, madre o tutor deber\u00e1 aceptar las condiciones en su nombre.<\/p>\n\n\n\n<p><strong><em>Medidas de seguridad<\/em><\/strong><\/p>\n\n\n\n<p>Los datos personales que usted facilite al Titular podr\u00e1n ser almacenados en bases de datos automatizadas o no, cuya titularidad corresponde en exclusiva a RESERVA DEL HIGUER\u00d3N SERVICIOS HOTELEROS, S.L., asumiendo esta todas las medidas de \u00edndole t\u00e9cnica, organizativa y de seguridad que garantizan la confidencialidad, integridad y calidad de la informaci\u00f3n contenida en las mismas de acuerdo con lo establecido en la normativa vigente en protecci\u00f3n de datos.<\/p>\n\n\n\n<p>No obstante, debes ser consciente de que las medidas de seguridad de los sistemas inform\u00e1ticos en Internet no son enteramente fiables y que, por tanto, el Titular no puede garantizar la inexistencia de virus u otros elementos que puedan producir alteraciones en los sistemas inform\u00e1ticos (software y hardware) del Usuario o en sus documentos electr\u00f3nicos y ficheros contenidos en los mismos, aunque el Titular ponga todos los medios necesarios y adopte las medidas de seguridad oportunas para evitar la presencia de estos elementos da\u00f1inos.<\/p>\n\n\n\n<p><strong><em>Tratamiento de datos personales<\/em><\/strong><\/p>\n\n\n\n<p>Puede consultar toda la informaci\u00f3n relativa al tratamiento de datos personales que el Propietario recoge en la p\u00e1gina de&nbsp;<a href=\"https:\/\/higuerondevelopments.com\/es\/politica-de-privacidad\" target=\"_blank\" rel=\"noopener\">Pol\u00edtica de Privacidad<\/a>.<\/p>\n\n\n\n<p><strong><em>Contenidos<\/em><\/strong><\/p>\n\n\n\n<p>El Propietario ha obtenido la informaci\u00f3n, los contenidos multimedia y los materiales incluidos en la web de fuentes consideradas como fiables, pero, si bien se han tomado todas las medidas razonables para asegurarse de que la informaci\u00f3n contenida sea correcta, el Propietario no garantiza que sea exacta. , completa o actualizada. RESERVA DEL HIGUER\u00d3N SERVICIOS HOTELEROS, S.L., declina expresamente cualquier responsabilidad por error u omisi\u00f3n en la informaci\u00f3n contenida en las p\u00e1ginas de esta web.<\/p>\n\n\n\n<p>Queda prohibido transmitir o enviar a trav\u00e9s de la web cualquier contenido ilegal o il\u00edcito, virus inform\u00e1ticos, o mensajes que, en general, afecten o violen derechos del Titular o de terceros.<\/p>\n\n\n\n<p>Los contenidos de\u00a0<a href=\"https:\/\/leiroresidences.com\/es\/\">www.leiroresidences.com<\/a> tienen car\u00e1cter meramente informativo y en ning\u00fan caso deben ser utilizados o considerados como oferta de venta, solicitud de oferta de compra o recomendaci\u00f3n para realizar cualquier otra operaci\u00f3n, salvo que expresamente se indique lo contrario.<\/p>\n\n\n\n<p>RESERVA DEL HIGUER\u00d3N SERVICIOS HOTELEROS, S.L. se reserva la facultad de modificar, suspender, cancelar o restringir el contenido de&nbsp;www.leiroresidences.com, los v\u00ednculos o la informaci\u00f3n obtenida a trav\u00e9s de ella, sin necesidad de previo aviso.<\/p>\n\n\n\n<p>RESERVA DEL HIGUER\u00d3N SERVICIOS HOTELEROS, S.L., no se hace responsable de los da\u00f1os y perjuicios que pudieran derivarse de la utilizaci\u00f3n de la informaci\u00f3n contenida en el Sitio Web o de la contenida en las redes sociales del Titular.<\/p>\n\n\n\n<p><strong><em>Pol\u00edtica de cookies<\/em><\/strong><\/p>\n\n\n\n<p>En la p\u00e1gina&nbsp;<a href=\"https:\/\/higuerondevelopments.com\/es\/politica-de-cookies\" target=\"_blank\" rel=\"noopener\">Pol\u00edtica de cookies<\/a>&nbsp;puede consultar toda la informaci\u00f3n relativa a la pol\u00edtica de recogida y tratamiento de cookies.<\/p>\n\n\n\n<p><strong><em>Enlaces a otros sitios web<\/em><\/strong><\/p>\n\n\n\n<p>El Titular podr\u00e1 facilitarles el acceso a p\u00e1ginas web de terceros a trav\u00e9s de enlaces con la finalidad exclusiva de informarle sobre la existencia de otras fuentes de informaci\u00f3n en Internet donde podr\u00e1 ampliar los datos que se le ofrecen en el sitio web.<\/p>\n\n\n\n<p>Estos enlaces a otros sitios web no suponen en ning\u00fan caso una sugerencia o recomendaci\u00f3n para que visite las p\u00e1ginas web de destino, que se encuentran fuera del control del Titular, por lo que RESERVA DEL HIGUER\u00d3N SERVICIOS HOTELEROS, S.L., no se responsabiliza del contenido de los sitios web vinculados ni del resultado que obtenga al seguir los enlaces.<\/p>\n\n\n\n<p>Asimismo, RESERVA DEL HIGUER\u00d3N SERVICIOS HOTELEROS, S.L., no responde de los links o enlaces ubicados en las p\u00e1ginas web a las que proporciona acceso.<\/p>\n\n\n\n<p>El establecimiento del enlace no implica en ning\u00fan caso la existencia de relaciones entre RESERVA DEL HIGUER\u00d3N SERVICIOS HOTELEROS, S.L., y el propietario del sitio en el que se establezca el enlace, ni la aceptaci\u00f3n o aprobaci\u00f3n por parte del Propietario de sus contenidos o servicios.<\/p>\n\n\n\n<p>Si accede a un sitio web externo desde un enlace que encuentre en&nbsp;www.leiroresidences.com&nbsp;deber\u00e1 leer la pol\u00edtica de privacidad del otro sitio web, que puede ser diferente de la de este sitio web.<\/p>\n\n\n\n<p><strong><em>Propiedad intelectual e industrial<\/em><\/strong><\/p>\n\n\n\n<p>Todos los derechos reservados.<\/p>\n\n\n\n<p>Todo acceso a este sitio web est\u00e1 sujeto a las siguientes condiciones: la reproducci\u00f3n, el almacenamiento permanente y la difusi\u00f3n de los contenidos o cualquier otro uso que tenga finalidad p\u00fablica o comercial queda expresamente prohibida sin el previo y expreso consentimiento por escrito de RESERVA DEL HIGUER\u00d3N SERVICIOS HOTELEROS, S.L.,<\/p>\n\n\n\n<p><strong><em>Limitaci\u00f3n de responsabilidad<\/em><\/strong><\/p>\n\n\n\n<p>RESERVA DEL HIGUER\u00d3N SERVICIOS HOTELEROS, S.L.,. declina cualquier responsabilidad en caso de que existan interrupciones o un mal funcionamiento de los Servicios o contenidos ofrecidos en Internet, cualquiera que sea su causa. Asimismo, el Propietario no se hace responsable de ca\u00eddas de la red, p\u00e9rdidas de negocio como consecuencia de dichas ca\u00eddas, cortes temporales de suministro el\u00e9ctrico o cualquier otro tipo de da\u00f1o indirecto que pueda producirse por causas ajenas al Propietario.<\/p>\n\n\n\n<p>Antes de tomar decisiones y\/o realizar acciones basadas en la informaci\u00f3n incluida en el sitio web, el Titular le recomienda que compruebe y contraste la informaci\u00f3n recibida con otras fuentes.<\/p>\n\n\n\n<p><strong><em>Derecho de exclusi\u00f3n<\/em><\/strong><\/p>\n\n\n\n<p>RESERVA DEL HIGUER\u00d3N SERVICIOS HOTELEROS, S.L., se reserva el derecho a denegar o retirar el acceso a portal y los servicios ofrecidos sin necesidad de preaviso, a instancia propia o de un tercero, a aquellos usuarios que incumplan cualquiera de las condiciones del presente Aviso Legal.<\/p>\n\n\n\n<p><strong><em>Contacto<\/em><\/strong><\/p>\n\n\n\n<p>Si tiene alguna pregunta sobre estas Condiciones Legales o desea hacer alg\u00fan comentario sobre este sitio web, puede enviar un correo electr\u00f3nico a la direcci\u00f3n <a href=\"mailto:dpd@higueronresort.com\">dpd@higueronresort.com<\/a>.&nbsp;<\/p>\n\n\n\n<p><strong>Resoluci\u00f3n de litigios<\/strong><\/p>\n\n\n\n<p>En virtud de lo dispuesto en el Reglamento (UE) n\u00ba 524\/2013 del Parlamento Europeo y del Consejo, de 21 de mayo de 2013, sobre resoluci\u00f3n de litigios en l\u00ednea en materia de consumo, RESERVA DEL HIGUER\u00d3N SERVICIOS HOTELEROS, S.L.,. le informa que, en caso de litigio, los Usuarios residentes en la Uni\u00f3n Europea podr\u00e1n acudir a la \u00abPlataforma en l\u00ednea de resoluci\u00f3n de litigios\u00bb que ha desarrollado la Comisi\u00f3n Europea, con el fin de tratar de resolver extrajudicialmente cualquier controversia derivada de la prestaci\u00f3n de servicios por parte de&nbsp;RESERVA DEL HIGUER\u00d3N SERVICIOS HOTELEROS, S.L.,<\/p>\n\n\n\n<p>Para acceder a la \u201cPlataforma en l\u00ednea de resoluci\u00f3n de litigios\u201d, puede hacerlo a trav\u00e9s del siguiente enlace: https:\/\/ec.europa.eu\/consumers\/odr\/<\/p>\n\n\n\n<p>En todo caso, RESERVA DEL HIGUER\u00d3N SERVICIOS HOTELEROS, S.L., pone a disposici\u00f3n del Usuario una Hoja de Reclamaci\u00f3n mediante la cual podr\u00e1 formular cualquier queja o reclamaci\u00f3n en relaci\u00f3n con los servicios prestados por&nbsp;RESERVA DEL HIGUER\u00d3N SERVICIOS HOTELEROS, S.L.<\/p>\n<\/div>\n","protected":false},"excerpt":{"rendered":"<p>Identificaci\u00f3n y propiedad A continuaci\u00f3n, figuran los datos de identificaci\u00f3n del propietario. \u2022 Titular: RESERVA DEL HIGUER\u00d3N SERVICIOS HOTELEROS, S.L. \u2022 NIF: B93160604 \u2022 inscrito en el Registro Mercantil de M\u00e1laga, Hoja MA-111755 Tomo 4957 Folio 161 \u2022 Direcci\u00f3n: Avenida del Higuer\u00f3n, 48, Malaga \u2013 Spain. \u2022 Email: dpd@higueronresort.com \u2022 Tel\u00e9fono de contacto: +34 952&#8230;<\/p>\n","protected":false},"author":1,"featured_media":0,"parent":0,"menu_order":0,"comment_status":"closed","ping_status":"closed","template":"","meta":{"_acf_changed":false,"inline_featured_image":false,"_uag_custom_page_level_css":"","footnotes":""},"class_list":["post-742","page","type-page","status-publish","hentry"],"acf":[],"uagb_featured_image_src":{"full":false,"thumbnail":false,"medium":false,"medium_large":false,"large":false,"1536x1536":false,"2048x2048":false},"uagb_author_info":{"display_name":"@oscar","author_link":"https:\/\/leiroresidences.com\/es\/author\/oscar\/"},"uagb_comment_info":0,"uagb_excerpt":"Identificaci\u00f3n y propiedad A continuaci\u00f3n, figuran los datos de identificaci\u00f3n del propietario. \u2022 Titular: RESERVA DEL HIGUER\u00d3N SERVICIOS HOTELEROS, S.L. \u2022 NIF: B93160604 \u2022 inscrito en el Registro Mercantil de M\u00e1laga, Hoja MA-111755 Tomo 4957 Folio 161 \u2022 Direcci\u00f3n: Avenida del Higuer\u00f3n, 48, Malaga \u2013 Spain. \u2022 Email: dpd@higueronresort.com \u2022 Tel\u00e9fono de contacto: +34 952...","_links":{"self":[{"href":"https:\/\/leiroresidences.com\/es\/wp-json\/wp\/v2\/pages\/742","targetHints":{"allow":["GET"]}}],"collection":[{"href":"https:\/\/leiroresidences.com\/es\/wp-json\/wp\/v2\/pages"}],"about":[{"href":"https:\/\/leiroresidences.com\/es\/wp-json\/wp\/v2\/types\/page"}],"author":[{"embeddable":true,"href":"https:\/\/leiroresidences.com\/es\/wp-json\/wp\/v2\/users\/1"}],"replies":[{"embeddable":true,"href":"https:\/\/leiroresidences.com\/es\/wp-json\/wp\/v2\/comments?post=742"}],"version-history":[{"count":2,"href":"https:\/\/leiroresidences.com\/es\/wp-json\/wp\/v2\/pages\/742\/revisions"}],"predecessor-version":[{"id":1348,"href":"https:\/\/leiroresidences.com\/es\/wp-json\/wp\/v2\/pages\/742\/revisions\/1348"}],"wp:attachment":[{"href":"https:\/\/leiroresidences.com\/es\/wp-json\/wp\/v2\/media?parent=742"}],"curies":[{"name":"wp","href":"https:\/\/api.w.org\/{rel}","templated":true}]}}