{"id":746,"date":"2024-04-16T19:04:09","date_gmt":"2024-04-16T17:04:09","guid":{"rendered":"https:\/\/leiroresidences.com\/?page_id=746"},"modified":"2024-04-26T12:18:31","modified_gmt":"2024-04-26T10:18:31","slug":"politica-de-cookies","status":"publish","type":"page","link":"https:\/\/leiroresidences.com\/es\/politica-de-cookies\/","title":{"rendered":"Pol\u00edtica de Cookies"},"content":{"rendered":"\n<div class=\"wp-block-group has-global-padding is-layout-constrained wp-container-core-group-is-layout-b61f406a wp-block-group-is-layout-constrained\" style=\"padding-bottom:40px\">\n<p>En nuestro sitio web, utilizamos cookies propias y de terceros con el fin de mejorar la experiencia de navegaci\u00f3n de nuestros usuarios. Estas cookies nos permiten personalizar el contenido y los anuncios, proporcionar funciones de redes sociales y analizar el tr\u00e1fico del sitio. Adem\u00e1s, utilizamos cookies para garantizar el correcto funcionamiento del sitio web y para identificar y solucionar cualquier problema t\u00e9cnico que pueda surgir, hacer mediciones y estad\u00edsticas de uso y mostrarle publicidad relacionada con sus preferencias mediante el an\u00e1lisis del uso del sitio web.<\/p>\n\n\n\n<p>Al navegar por nuestro sitio web, usted acepta el uso de cookies de acuerdo con nuestra Pol\u00edtica de Cookies, podremos utilizar cookies que nos permitir\u00e1n tener m\u00e1s informaci\u00f3n acerca de sus preferencias y personalizar nuestro sitio web de conformidad con sus intereses individuales.&nbsp; Sin embargo, tiene la opci\u00f3n de controlar y administrar las cookies a trav\u00e9s de la configuraci\u00f3n de su navegador. Tenga en cuenta que, al desactivar ciertas cookies, es posible que algunas funciones del sitio web no est\u00e9n disponibles.&nbsp;<\/p>\n\n\n\n<p><strong>\u00bfQU\u00c9 SON LAS COOKIES?<\/strong><\/p>\n\n\n\n<p>Las <em>cookies <\/em>y otras tecnolog\u00edas similares tales como local shared objects, flash <em>cookies <\/em>o p\u00edxeles, son herramientas empleadas por los servidores Web para almacenar y recuperar informaci\u00f3n acerca de sus visitantes, as\u00ed como para ofrecer un correcto funcionamiento del sitio.<br><br><strong>Topos de Cookies<\/strong><\/p>\n\n\n\n<p><strong>Tipos de cookies en funci\u00f3n de la entidad que las gestione:&nbsp;<\/strong><\/p>\n\n\n\n<ul class=\"wp-block-list\">\n<li><strong>Cookies propias:<\/strong> son aquellas que se env\u00edan al equipo terminal del usuario desde un equipo o dominio gestionado por el titular de la p\u00e1gina web y desde la que se presta el servicio solicitado por el usuario.<\/li>\n<\/ul>\n\n\n\n<ul class=\"wp-block-list\">\n<li><strong>Cookies de terceros:<\/strong> son aqu\u00e9llas que se env\u00edan al equipo terminal del usuario desde un equipo o dominio que no es gestionado por el titular de la p\u00e1gina web desde la que se presta el servicio solicitado por el usuario, sino por otra entidad que trata los datos obtenidos trav\u00e9s de las cookies.\u00a0 Asimismo, en el caso de que las cookies sean instaladas desde un equipo o dominio gestionado por el propio titular del sitio Web, pero la informaci\u00f3n que se recoja mediante \u00e9stas sea gestionada por un tercero, tambi\u00e9n ser\u00e1n consideradas como cookies de terceros.<\/li>\n<\/ul>\n\n\n\n<p><strong>Tipos de cookies seg\u00fan la finalidad:&nbsp;<\/strong><\/p>\n\n\n\n<ul class=\"wp-block-list\">\n<li><strong>Cookies t\u00e9cnicas: <\/strong>son aquellas que permiten al usuario la navegaci\u00f3n a trav\u00e9s de una p\u00e1gina web, plataforma o aplicaci\u00f3n y la utilizaci\u00f3n de las diferentes opciones o servicios que en ella existan, incluyendo aquellas que el editor utiliza para permitir la gesti\u00f3n y operativa de la p\u00e1gina web y habilitar sus funciones y servicios, como, por ejemplo, controlar el tr\u00e1fico y la comunicaci\u00f3n de datos, identificar la sesi\u00f3n, acceder a partes de acceso restringido, recordar los elementos que integran un pedido, realizar el proceso de compra de un pedido, gestionar el pago, controlar el fraude vinculado a la seguridad del servicio, realizar la solicitud de inscripci\u00f3n o participaci\u00f3n en un evento, contar visitas a efectos de la facturaci\u00f3n de licencias del software con el que funciona el servicio (sitio web, plataforma o aplicaci\u00f3n), utilizar elementos de seguridad durante la navegaci\u00f3n, almacenar contenidos para la difusi\u00f3n de v\u00eddeos o sonido, habilitar contenidos din\u00e1micos (por ejemplo, animaci\u00f3n de carga de un texto o imagen) o compartir contenidos a trav\u00e9s de redes sociales.<br>Tambi\u00e9n pertenecen a esta categor\u00eda, por su naturaleza t\u00e9cnica, aquellas cookies que permiten la gesti\u00f3n, de la forma m\u00e1s eficaz posible, de los espacios publicitarios que, como un elemento m\u00e1s de dise\u00f1o o \u201cmaquetaci\u00f3n\u201d del servicio ofrecido al usuario, el editor haya incluido en una p\u00e1gina web, aplicaci\u00f3n o plataforma en base a criterios como el contenido editado, sin que se recopile informaci\u00f3n de los usuarios con fines distintos, como puede ser personalizar ese contenido publicitario u otros contenidos.<\/li>\n<\/ul>\n\n\n\n<ul class=\"wp-block-list\">\n<li><strong>Cookies de preferencias o personalizaci\u00f3n<\/strong>: son aquellas que permiten recordar informaci\u00f3n para que el usuario acceda al servicio con determinadas caracter\u00edsticas que pueden diferenciar su experiencia de la de otros usuarios, como, por ejemplo, el idioma, el n\u00famero de resultados a mostrar cuando el usuario realiza una b\u00fasqueda, el aspecto o contenido del servicio en funci\u00f3n del tipo de navegador a trav\u00e9s del cual el usuario accede al servicio o de la regi\u00f3n desde la que accede al servicio, etc.<\/li>\n<\/ul>\n\n\n\n<ul class=\"wp-block-list\">\n<li><strong>Cookies de an\u00e1lisis o medici\u00f3n: <\/strong>son aquellas que permiten al responsable de las mismas el seguimiento y an\u00e1lisis del comportamiento de los usuarios de los sitios web a los que est\u00e1n vinculadas, incluida la cuantificaci\u00f3n de los impactos de los anuncios. La informaci\u00f3n recogida mediante este tipo de cookies se utiliza en la medici\u00f3n de la actividad de los sitios web, aplicaci\u00f3n o plataforma, con el fin de introducir mejoras en funci\u00f3n del an\u00e1lisis de los datos de uso que hacen los usuarios del servicio.<\/li>\n<\/ul>\n\n\n\n<ul class=\"wp-block-list\">\n<li><strong>Cookies de publicidad comportamental: <\/strong>son aqu\u00e9llas que permiten la gesti\u00f3n, de la forma m\u00e1s eficaz posible, de los espacios publicitarios que hay en la p\u00e1gina web. Estas cookies almacenan informaci\u00f3n del comportamiento de los usuarios obtenida a trav\u00e9s de la observaci\u00f3n continuada de sus h\u00e1bitos de navegaci\u00f3n, lo que permite desarrollar un perfil espec\u00edfico para mostrar publicidad en funci\u00f3n de este.<\/li>\n<\/ul>\n\n\n\n<ul class=\"wp-block-list\">\n<li><strong>Cookies de geolocalizaci\u00f3n<\/strong>: se utilizan para saber en qu\u00e9 lugar se encuentra un usuario cuando solicita un servicio. Esta cookie es an\u00f3nima y se usa por ejemplo para ofrecerle la informaci\u00f3n adecuada dependiendo del pa\u00eds en el que se encuentre.<\/li>\n<\/ul>\n\n\n\n<p><strong>Desactivaci\u00f3n o Eliminaci\u00f3n de las Cookies<\/strong><\/p>\n\n\n\n<p><strong><em>\u00bfC\u00d3MO SE DESHABILITAN LAS COOKIES EN LOS NAVEGADORES?<\/em><\/strong><br><br>El usuario puede, en cualquier momento, permitir, bloquear o eliminar las cookies instaladas en su equipo mediante la modificaci\u00f3n de los par\u00e1metros de configuraci\u00f3n del navegador instalado en su ordenador<\/p>\n\n\n\n<ul class=\"wp-block-list\">\n<li><a href=\"https:\/\/support.google.com\/chrome\/answer\/95647?hl=es&amp;sc_ref_bbva=https%3A%2F%2Fwww.bbva.es%2Fsistema%2Fmeta%2Faviso-legal%2Findex.jsp\" target=\"_blank\" rel=\"noopener\">Chrome<\/a> Configuraci\u00f3n -> Mostrar opciones avanzadas -> Privacidad -> Configuraci\u00f3n del contenido<br>Para m\u00e1s informaci\u00f3n, puede consultar <a href=\"https:\/\/support.google.com\/chrome\/answer\/95647?hl=es&amp;ref_topic=3434352\" target=\"_blank\" rel=\"noopener\">el soporte de Google<\/a> o la Ayuda del navegador.<\/li>\n\n\n\n<li><a href=\"http:\/\/windows.microsoft.com\/es-es\/windows7\/how-to-manage-cookies-in-internet-explorer-9?sc_ref_bbva=https%3A%2F%2Fwww.bbva.es%2Fsistema%2Fmeta%2Faviso-legal%2Findex.jsp\" target=\"_blank\" rel=\"noopener\">Explorer<\/a> Herramientas -> Opciones de Internet -> Privacidad -> Configuraci\u00f3n<br>Para m\u00e1s informaci\u00f3n, puede consultar <a href=\"http:\/\/windows.microsoft.com\/es-es\/internet-explorer\/delete-managecookies#ie=ie-11\" target=\"_blank\" rel=\"noopener\">el soporte de Microsoft<\/a> o la Ayuda del navegador.<\/li>\n\n\n\n<li><a href=\"http:\/\/support.mozilla.org\/es\/kb\/habilitar-y-deshabilitar-cookies-que-los-sitios-we?sc_ref_bbva=https%3A%2F%2Fwww.bbva.es%2Fsistema%2Fmeta%2Faviso-legal%2Findex.jsp\" target=\"_blank\" rel=\"noopener\">Firefox<\/a>: Herramientas ->Opciones -> Privacidad -> Historial -> Configuraci\u00f3n Personalizada<br>para m\u00e1s informaci\u00f3n, puede consultar <a href=\"https:\/\/support.mozilla.org\/es\/\" target=\"_blank\" rel=\"noopener\">el soporte de Mozilla<\/a> o la Ayuda del navegador.<\/li>\n\n\n\n<li><a href=\"http:\/\/support.apple.com\/kb\/ph5042?sc_ref_bbva=https%3A%2F%2Fwww.bbva.es%2Fsistema%2Fmeta%2Faviso-legal%2Findex.jsp\" target=\"_blank\" rel=\"noopener\">Safari<\/a> Preferencias -> Seguridad<br>Para m\u00e1s informaci\u00f3n, puede consultar <a href=\"https:\/\/support.apple.com\/es-es\/HT201265\" target=\"_blank\" rel=\"noopener\">el soporte de Apple<\/a> o la Ayuda del navegador<\/li>\n<\/ul>\n\n\n\n<p>La desactivaci\u00f3n de las cookies no impide la navegaci\u00f3n por el sitio web, aunque el uso de algunos de sus servicios podr\u00e1 ser limitado y, por tanto, su experiencia de navegaci\u00f3n podr\u00e1 ser menos satisfactoria.<\/p>\n\n\n\n<p>El usuario puede revocar su consentimiento para el uso de Cookies en su navegador a trav\u00e9s de las indicaciones anteriores o a trav\u00e9s de la instalaci\u00f3n de un sistema de rechazo, (\u201copt-out\u201d) en su navegador web.<\/p>\n\n\n\n<p>En el caso de las Cookies de Google Analytics, el opt-out puede realizarse a trav\u00e9s del siguiente enlace.<\/p>\n\n\n\n<h3 class=\"wp-block-heading\"><strong><em>Retirar el consentimiento<\/em><\/strong><\/h3>\n\n\n\n<p>El usuario podr\u00e1 retirar en cualquier momento su consentimiento relacionado con la Pol\u00edtica de Cookies, y podr\u00e1 eliminar las cookies almacenadas en su equipo a trav\u00e9s de los ajustes y configuraciones de su navegador de Internet, indicados anteriormente, as\u00ed como accediendo a nuestro panel de configuraci\u00f3n:<\/p>\n\n\n\n<p><strong><em>Actualizaciones y cambios en la Pol\u00edtica de Cookies<\/em><\/strong><\/p>\n\n\n\n<p>La presente Pol\u00edtica de Cookies se podr\u00e1 modificar cuando as\u00ed lo exija la legislaci\u00f3n vigente en cada momento o cuando hubiera alguna variaci\u00f3n en el tipo de cookies utilizadas en el sitio web. Por ello, le recomendamos revisar esta pol\u00edtica cada vez que acceda a nuestro sitio web con el objetivo de estar adecuadamente informado sobre c\u00f3mo y para qu\u00e9 usamos las cookies.<\/p>\n<\/div>\n","protected":false},"excerpt":{"rendered":"<p>En nuestro sitio web, utilizamos cookies propias y de terceros con el fin de mejorar la experiencia de navegaci\u00f3n de nuestros usuarios. Estas cookies nos permiten personalizar el contenido y los anuncios, proporcionar funciones de redes sociales y analizar el tr\u00e1fico del sitio. Adem\u00e1s, utilizamos cookies para garantizar el correcto funcionamiento del sitio web y&#8230;<\/p>\n","protected":false},"author":1,"featured_media":0,"parent":0,"menu_order":0,"comment_status":"closed","ping_status":"closed","template":"","meta":{"_acf_changed":false,"inline_featured_image":false,"_uag_custom_page_level_css":"","footnotes":""},"class_list":["post-746","page","type-page","status-publish","hentry"],"acf":[],"uagb_featured_image_src":{"full":false,"thumbnail":false,"medium":false,"medium_large":false,"large":false,"1536x1536":false,"2048x2048":false},"uagb_author_info":{"display_name":"@oscar","author_link":"https:\/\/leiroresidences.com\/es\/author\/oscar\/"},"uagb_comment_info":0,"uagb_excerpt":"En nuestro sitio web, utilizamos cookies propias y de terceros con el fin de mejorar la experiencia de navegaci\u00f3n de nuestros usuarios. Estas cookies nos permiten personalizar el contenido y los anuncios, proporcionar funciones de redes sociales y analizar el tr\u00e1fico del sitio. Adem\u00e1s, utilizamos cookies para garantizar el correcto funcionamiento del sitio web y...","_links":{"self":[{"href":"https:\/\/leiroresidences.com\/es\/wp-json\/wp\/v2\/pages\/746","targetHints":{"allow":["GET"]}}],"collection":[{"href":"https:\/\/leiroresidences.com\/es\/wp-json\/wp\/v2\/pages"}],"about":[{"href":"https:\/\/leiroresidences.com\/es\/wp-json\/wp\/v2\/types\/page"}],"author":[{"embeddable":true,"href":"https:\/\/leiroresidences.com\/es\/wp-json\/wp\/v2\/users\/1"}],"replies":[{"embeddable":true,"href":"https:\/\/leiroresidences.com\/es\/wp-json\/wp\/v2\/comments?post=746"}],"version-history":[{"count":4,"href":"https:\/\/leiroresidences.com\/es\/wp-json\/wp\/v2\/pages\/746\/revisions"}],"predecessor-version":[{"id":750,"href":"https:\/\/leiroresidences.com\/es\/wp-json\/wp\/v2\/pages\/746\/revisions\/750"}],"wp:attachment":[{"href":"https:\/\/leiroresidences.com\/es\/wp-json\/wp\/v2\/media?parent=746"}],"curies":[{"name":"wp","href":"https:\/\/api.w.org\/{rel}","templated":true}]}}