{"id":779,"date":"2024-04-09T12:28:06","date_gmt":"2024-04-09T10:28:06","guid":{"rendered":"https:\/\/leiroresidences.com\/?page_id=779"},"modified":"2024-08-06T08:50:40","modified_gmt":"2024-08-06T06:50:40","slug":"piscinas","status":"publish","type":"page","link":"https:\/\/leiroresidences.com\/es\/piscinas\/","title":{"rendered":"Piscinas"},"content":{"rendered":"\n<div class=\"wp-block-group has-global-padding is-layout-constrained wp-container-core-group-is-layout-9fae62b9 wp-block-group-is-layout-constrained\" style=\"padding-right:1rem;padding-left:1rem\">\n<section class=\"wp-block-group has-global-padding is-layout-constrained wp-container-core-group-is-layout-dab67f8d wp-block-group-is-layout-constrained\" style=\"padding-top:30px;padding-bottom:30px\">\n<p class=\"has-text-align-center\">Ampl\u00eda tu experiencia vacacional con las mejores ofertas de piscinas al aire libre e interiores. Dise\u00f1adas meticulosamente para armonizar con la naturaleza, <strong>nuestra Infinity Pool, la reci\u00e9n presentada MED Pool y las piscinas cubiertas elevan tu sentido de libertad en Higuer\u00f3n<\/strong>. Sum\u00e9rgete en una exclusividad sin igual mientras saboreas nuestros c\u00f3cteles y bebidas artesanales, garantizando un viaje infinito de relajaci\u00f3n y indulgencia.<\/p>\n<\/section>\n\n\n\n<section class=\"wp-block-uagb-container uagb-block-b30edb4c alignfull uagb-is-root-container\"><div class=\"uagb-container-inner-blocks-wrap\">\n<div class=\"wp-block-uagb-container fadeinright uagb-block-73f60147\">\n<figure class=\"wp-block-image size-full has-custom-border max-xs\"><img decoding=\"async\" width=\"600\" height=\"856\" src=\"https:\/\/leiroresidences.com\/wp-content\/uploads\/2024\/04\/INFINITY-BALINESAS.min_.webp\" alt=\"\" class=\"wp-image-237\" style=\"border-radius:50rem;aspect-ratio:16\/9;object-fit:cover\" srcset=\"https:\/\/leiroresidences.com\/wp-content\/uploads\/2024\/04\/INFINITY-BALINESAS.min_.webp 600w, https:\/\/leiroresidences.com\/wp-content\/uploads\/2024\/04\/INFINITY-BALINESAS.min_-210x300.webp 210w\" sizes=\"(max-width: 600px) 100vw, 600px\" \/><\/figure>\n<\/div>\n\n\n\n<div class=\"wp-block-uagb-container fadeinleft uagb-block-06ef71a6\">\n<div class=\"wp-block-uagb-advanced-heading uagb-block-d3a184a1\"><h2 class=\"uagb-heading-text\"><strong><strong>INFINITY POOL<\/strong><\/strong><\/h2><\/div>\n\n\n\n<div class=\"wp-block-uagb-advanced-heading uagb-block-97d53f96\"><p class=\"uagb-heading-text\"><strong>Disfruta de nuestra piscina infinita que presume impresionantes vistas del mar Mediterr\u00e1neo<\/strong>. Ya sea que te relajes en una cama balinesa durante el d\u00eda o disfrutes de los mejores c\u00f3cteles y ritmos de DJ por la noche, tu experiencia promete ser inolvidable.<\/p><\/div>\n\n\n\n<div class=\"wp-block-uagb-advanced-heading uagb-block-75c02583\"><p class=\"uagb-heading-text\">El acceso exclusivo est\u00e1 reservado \u00fanicamente para adultos.<\/p><\/div>\n<\/div>\n<\/div><\/section>\n\n\n\n<section class=\"wp-block-uagb-container uagb-block-dd0588c8 alignfull uagb-is-root-container\"><div class=\"uagb-container-inner-blocks-wrap\">\n<div class=\"wp-block-uagb-container fadeinright uagb-block-b572efa1\">\n<div class=\"wp-block-uagb-advanced-heading uagb-block-727a09d0\"><h2 class=\"uagb-heading-text\"><strong><strong><strong>MED POOL<\/strong><\/strong><\/strong><\/h2><\/div>\n\n\n\n<div class=\"wp-block-uagb-advanced-heading uagb-block-d9edb156\"><p class=\"uagb-heading-text\">Ubicada en la planta baja del hotel y rodeada de palmeras que se mecen suavemente, nuestra piscina cuenta con un amplio espacio en la cubierta para tu relajaci\u00f3n. El acceso gratuito a esta piscina est\u00e1 disponible para todos los hu\u00e9spedes del <a href=\"https:\/\/leiroresidences.com\/es\/\">hotel en Higuer\u00f3n Costa del sol.<\/a><\/p><\/div>\n<\/div>\n\n\n\n<div class=\"wp-block-uagb-container fadeinleft uagb-block-35847ea5\">\n<figure class=\"wp-block-image size-large has-custom-border is-style-rounded max-xs\"><img decoding=\"async\" width=\"1024\" height=\"683\" src=\"https:\/\/leiroresidences.com\/wp-content\/uploads\/2024\/04\/CURIO-01.min_-1024x683.webp\" alt=\"\" class=\"wp-image-531\" style=\"border-radius:50rem;aspect-ratio:16\/9;object-fit:cover\" srcset=\"https:\/\/leiroresidences.com\/wp-content\/uploads\/2024\/04\/CURIO-01.min_-1024x683.webp 1024w, https:\/\/leiroresidences.com\/wp-content\/uploads\/2024\/04\/CURIO-01.min_-300x200.webp 300w, https:\/\/leiroresidences.com\/wp-content\/uploads\/2024\/04\/CURIO-01.min_-768x512.webp 768w, https:\/\/leiroresidences.com\/wp-content\/uploads\/2024\/04\/CURIO-01.min_.webp 1500w\" sizes=\"(max-width: 1024px) 100vw, 1024px\" \/><\/figure>\n<\/div>\n<\/div><\/section>\n\n\n\n<section class=\"wp-block-uagb-container uagb-block-e38a51d7 alignfull uagb-is-root-container\"><div class=\"uagb-container-inner-blocks-wrap\">\n<div class=\"wp-block-uagb-container fadeinright uagb-block-118e7acc\">\n<figure class=\"wp-block-image size-full has-custom-border max-xs\"><img decoding=\"async\" width=\"1499\" height=\"999\" src=\"https:\/\/leiroresidences.com\/wp-content\/uploads\/2024\/04\/piscina.min_.webp\" alt=\"\" class=\"wp-image-533\" style=\"border-radius:50rem;aspect-ratio:16\/9;object-fit:cover\" srcset=\"https:\/\/leiroresidences.com\/wp-content\/uploads\/2024\/04\/piscina.min_.webp 1499w, https:\/\/leiroresidences.com\/wp-content\/uploads\/2024\/04\/piscina.min_-300x200.webp 300w, https:\/\/leiroresidences.com\/wp-content\/uploads\/2024\/04\/piscina.min_-1024x682.webp 1024w, https:\/\/leiroresidences.com\/wp-content\/uploads\/2024\/04\/piscina.min_-768x512.webp 768w\" sizes=\"(max-width: 1499px) 100vw, 1499px\" \/><\/figure>\n<\/div>\n\n\n\n<div class=\"wp-block-uagb-container fadeinleft uagb-block-9636438a\">\n<div class=\"wp-block-uagb-advanced-heading uagb-block-6e95bd6a\"><h2 class=\"uagb-heading-text\"><strong><strong><strong>INDOOR&nbsp;<\/strong>POOL<\/strong><\/strong><\/h2><\/div>\n\n\n\n<div class=\"wp-block-uagb-advanced-heading uagb-block-0ea71d0e\"><p class=\"uagb-heading-text\"><strong>Descubre nuestra piscina cubierta ubicada en el Club Deportivo<\/strong>.<\/p><\/div>\n\n\n\n<div class=\"wp-block-uagb-advanced-heading uagb-block-0163ddd5\"><p class=\"uagb-heading-text\">Con una longitud de 25 metros, ofrece cuatro carriles de nataci\u00f3n junto con un carril dedicado para la rehabilitaci\u00f3n de deportes acu\u00e1ticos.<\/p><\/div>\n<\/div>\n<\/div><\/section>\n<\/div>\n","protected":false},"excerpt":{"rendered":"<p>Ampl\u00eda tu experiencia vacacional con las mejores ofertas de piscinas al aire libre e interiores. Dise\u00f1adas meticulosamente para armonizar con la naturaleza, nuestra Infinity Pool, la reci\u00e9n presentada MED Pool y las piscinas cubiertas elevan tu sentido de libertad en Higuer\u00f3n. Sum\u00e9rgete en una exclusividad sin igual mientras saboreas nuestros c\u00f3cteles y bebidas artesanales, garantizando&#8230;<\/p>\n","protected":false},"author":1,"featured_media":878,"parent":0,"menu_order":0,"comment_status":"closed","ping_status":"closed","template":"","meta":{"_acf_changed":false,"inline_featured_image":false,"_uag_custom_page_level_css":"","footnotes":""},"class_list":["post-779","page","type-page","status-publish","has-post-thumbnail","hentry"],"acf":[],"uagb_featured_image_src":{"full":["https:\/\/leiroresidences.com\/wp-content\/uploads\/2024\/04\/pool.min_.webp",1920,1080,false],"thumbnail":["https:\/\/leiroresidences.com\/wp-content\/uploads\/2024\/04\/pool.min_-150x150.webp",150,150,true],"medium":["https:\/\/leiroresidences.com\/wp-content\/uploads\/2024\/04\/pool.min_-300x169.webp",300,169,true],"medium_large":["https:\/\/leiroresidences.com\/wp-content\/uploads\/2024\/04\/pool.min_-768x432.webp",768,432,true],"large":["https:\/\/leiroresidences.com\/wp-content\/uploads\/2024\/04\/pool.min_-1024x576.webp",1024,576,true],"1536x1536":["https:\/\/leiroresidences.com\/wp-content\/uploads\/2024\/04\/pool.min_-1536x864.webp",1536,864,true],"2048x2048":["https:\/\/leiroresidences.com\/wp-content\/uploads\/2024\/04\/pool.min_.webp",1920,1080,false]},"uagb_author_info":{"display_name":"@oscar","author_link":"https:\/\/leiroresidences.com\/es\/author\/oscar\/"},"uagb_comment_info":0,"uagb_excerpt":"Ampl\u00eda tu experiencia vacacional con las mejores ofertas de piscinas al aire libre e interiores. Dise\u00f1adas meticulosamente para armonizar con la naturaleza, nuestra Infinity Pool, la reci\u00e9n presentada MED Pool y las piscinas cubiertas elevan tu sentido de libertad en Higuer\u00f3n. Sum\u00e9rgete en una exclusividad sin igual mientras saboreas nuestros c\u00f3cteles y bebidas artesanales, garantizando...","_links":{"self":[{"href":"https:\/\/leiroresidences.com\/es\/wp-json\/wp\/v2\/pages\/779","targetHints":{"allow":["GET"]}}],"collection":[{"href":"https:\/\/leiroresidences.com\/es\/wp-json\/wp\/v2\/pages"}],"about":[{"href":"https:\/\/leiroresidences.com\/es\/wp-json\/wp\/v2\/types\/page"}],"author":[{"embeddable":true,"href":"https:\/\/leiroresidences.com\/es\/wp-json\/wp\/v2\/users\/1"}],"replies":[{"embeddable":true,"href":"https:\/\/leiroresidences.com\/es\/wp-json\/wp\/v2\/comments?post=779"}],"version-history":[{"count":5,"href":"https:\/\/leiroresidences.com\/es\/wp-json\/wp\/v2\/pages\/779\/revisions"}],"predecessor-version":[{"id":1283,"href":"https:\/\/leiroresidences.com\/es\/wp-json\/wp\/v2\/pages\/779\/revisions\/1283"}],"wp:featuredmedia":[{"embeddable":true,"href":"https:\/\/leiroresidences.com\/es\/wp-json\/wp\/v2\/media\/878"}],"wp:attachment":[{"href":"https:\/\/leiroresidences.com\/es\/wp-json\/wp\/v2\/media?parent=779"}],"curies":[{"name":"wp","href":"https:\/\/api.w.org\/{rel}","templated":true}]}}