{"id":3430,"date":"2024-04-09T12:28:06","date_gmt":"2024-04-09T10:28:06","guid":{"rendered":"https:\/\/leiroresidences.com\/piscines\/"},"modified":"2026-02-02T11:57:14","modified_gmt":"2026-02-02T10:57:14","slug":"piscines","status":"publish","type":"page","link":"https:\/\/leiroresidences.com\/fr\/piscines\/","title":{"rendered":"Piscines"},"content":{"rendered":"\n<div class=\"wp-block-group has-global-padding is-layout-constrained wp-container-core-group-is-layout-9fae62b9 wp-block-group-is-layout-constrained\" style=\"padding-right:1rem;padding-left:1rem\">\n<section class=\"wp-block-group has-global-padding is-layout-constrained wp-container-core-group-is-layout-dab67f8d wp-block-group-is-layout-constrained\" style=\"padding-top:30px;padding-bottom:30px\">\n<p class=\"has-text-align-center\">Enrichissez votre exp\u00e9rience de vacances gr\u00e2ce \u00e0 nos piscines ext\u00e9rieures et int\u00e9rieures haut de gamme. Con\u00e7ues avec soin pour s&rsquo;harmoniser avec la nature, <strong>notre Infinity Pool, notre nouvelle MED Pool et nos piscines int\u00e9rieures vous procurent une sensation de libert\u00e9 in\u00e9gal\u00e9e<\/strong> chez Higueron. Plongez dans une exclusivit\u00e9 sans pareille en savourant nos cocktails et boissons artisanaux, pour un voyage sans fin sous le signe de la d\u00e9tente et du plaisir.  <\/p>\n<\/section>\n\n\n\n<section class=\"wp-block-uagb-container uagb-block-b30edb4c alignfull uagb-is-root-container\"><div class=\"uagb-container-inner-blocks-wrap\">\n<div class=\"wp-block-uagb-container fadeinright uagb-block-73f60147\">\n<figure class=\"wp-block-image size-full has-custom-border max-xs\"><img decoding=\"async\" width=\"600\" height=\"856\" src=\"https:\/\/leiroresidences.com\/wp-content\/uploads\/2024\/04\/INFINITY-BALINESAS.min_.webp\" alt=\"\" class=\"wp-image-237\" style=\"border-radius:50rem;aspect-ratio:16\/9;object-fit:cover\" srcset=\"https:\/\/leiroresidences.com\/wp-content\/uploads\/2024\/04\/INFINITY-BALINESAS.min_.webp 600w, https:\/\/leiroresidences.com\/wp-content\/uploads\/2024\/04\/INFINITY-BALINESAS.min_-210x300.webp 210w\" sizes=\"(max-width: 600px) 100vw, 600px\" \/><\/figure>\n<\/div>\n\n\n\n<div class=\"wp-block-uagb-container fadeinleft uagb-block-06ef71a6\">\n<div class=\"wp-block-uagb-advanced-heading uagb-block-d3a184a1\"><h2 class=\"uagb-heading-text\"><strong><strong>INFINITY POOL<\/strong><\/strong><\/h2><\/div>\n\n\n\n<div class=\"wp-block-uagb-advanced-heading uagb-block-97d53f96\"><p class=\"uagb-heading-text\"><strong>Profitez de notre piscine \u00e0 d\u00e9bordement offrant une vue imprenable sur la mer M\u00e9diterran\u00e9e.<\/strong> Que vous vous d\u00e9tendiez sur un lit balinais pendant la journ\u00e9e ou que vous savouriez les meilleurs cocktails et les rythmes d&rsquo;un DJ le soir venu, votre exp\u00e9rience sera inoubliable. <\/p><\/div>\n\n\n\n<div class=\"wp-block-uagb-advanced-heading uagb-block-75c02583\"><p class=\"uagb-heading-text\">L&rsquo;acc\u00e8s est r\u00e9serv\u00e9 aux adultes uniquement.<\/p><\/div>\n<\/div>\n<\/div><\/section>\n\n\n\n<section class=\"wp-block-uagb-container uagb-block-dd0588c8 alignfull uagb-is-root-container\"><div class=\"uagb-container-inner-blocks-wrap\">\n<div class=\"wp-block-uagb-container fadeinright uagb-block-b572efa1\">\n<div class=\"wp-block-uagb-advanced-heading uagb-block-727a09d0\"><h2 class=\"uagb-heading-text\"><strong><strong><strong>MED POOL<\/strong><\/strong><\/strong><\/h2><\/div>\n\n\n\n<div class=\"wp-block-uagb-advanced-heading uagb-block-d9edb156\"><p class=\"uagb-heading-text\">Nich\u00e9e au rez-de-chauss\u00e9e de l&rsquo;h\u00f4tel et entour\u00e9e de palmiers ondulants, notre piscine dispose d&rsquo;une grande terrasse pour votre d\u00e9tente. L&rsquo;acc\u00e8s \u00e0 cette piscine est gratuit pour tous les <a href=\"https:\/\/leiroresidences.com\/fr\/\">clients de l&rsquo;h\u00f4tel Higuer\u00f3n Costa del Sol<\/a>. <\/p><\/div>\n<\/div>\n\n\n\n<div class=\"wp-block-uagb-container fadeinleft uagb-block-35847ea5\">\n<figure class=\"wp-block-image size-large has-custom-border is-style-rounded max-xs\"><img decoding=\"async\" width=\"1024\" height=\"683\" src=\"https:\/\/leiroresidences.com\/wp-content\/uploads\/2024\/04\/CURIO-01.min_-1024x683.webp\" alt=\"\" class=\"wp-image-531\" style=\"border-radius:50rem;aspect-ratio:16\/9;object-fit:cover\" srcset=\"https:\/\/leiroresidences.com\/wp-content\/uploads\/2024\/04\/CURIO-01.min_-1024x683.webp 1024w, https:\/\/leiroresidences.com\/wp-content\/uploads\/2024\/04\/CURIO-01.min_-300x200.webp 300w, https:\/\/leiroresidences.com\/wp-content\/uploads\/2024\/04\/CURIO-01.min_-768x512.webp 768w, https:\/\/leiroresidences.com\/wp-content\/uploads\/2024\/04\/CURIO-01.min_.webp 1500w\" sizes=\"(max-width: 1024px) 100vw, 1024px\" \/><\/figure>\n<\/div>\n<\/div><\/section>\n\n\n\n<section class=\"wp-block-uagb-container uagb-block-e38a51d7 alignfull uagb-is-root-container\"><div class=\"uagb-container-inner-blocks-wrap\">\n<div class=\"wp-block-uagb-container fadeinright uagb-block-118e7acc\">\n<figure class=\"wp-block-image size-full has-custom-border max-xs\"><img decoding=\"async\" width=\"1499\" height=\"999\" src=\"https:\/\/leiroresidences.com\/wp-content\/uploads\/2024\/04\/piscina.min_.webp\" alt=\"\" class=\"wp-image-533\" style=\"border-radius:50rem;aspect-ratio:16\/9;object-fit:cover\" srcset=\"https:\/\/leiroresidences.com\/wp-content\/uploads\/2024\/04\/piscina.min_.webp 1499w, https:\/\/leiroresidences.com\/wp-content\/uploads\/2024\/04\/piscina.min_-300x200.webp 300w, https:\/\/leiroresidences.com\/wp-content\/uploads\/2024\/04\/piscina.min_-1024x682.webp 1024w, https:\/\/leiroresidences.com\/wp-content\/uploads\/2024\/04\/piscina.min_-768x512.webp 768w\" sizes=\"(max-width: 1499px) 100vw, 1499px\" \/><\/figure>\n<\/div>\n\n\n\n<div class=\"wp-block-uagb-container fadeinleft uagb-block-9636438a\">\n<div class=\"wp-block-uagb-advanced-heading uagb-block-6e95bd6a\"><h2 class=\"uagb-heading-text\"><strong><strong><strong>INDOOR <\/strong>POOL<\/strong><\/strong><\/h2><\/div>\n\n\n\n<div class=\"wp-block-uagb-advanced-heading uagb-block-0ea71d0e\"><p class=\"uagb-heading-text\"><strong>D\u00e9couvrez notre piscine int\u00e9rieure situ\u00e9e au Sport Club.<\/strong><\/p><\/div>\n\n\n\n<div class=\"wp-block-uagb-advanced-heading uagb-block-0163ddd5\"><p class=\"uagb-heading-text\">Stretching 25 meters in length, it offers four swimming lanes alongside a dedicated lane for water sports rehabilitation.<\/p><\/div>\n<\/div>\n<\/div><\/section>\n<\/div>\n","protected":false},"excerpt":{"rendered":"<p>Enrichissez votre exp\u00e9rience de vacances gr\u00e2ce \u00e0 nos piscines ext\u00e9rieures et int\u00e9rieures haut de gamme. Con\u00e7ues avec soin pour s&rsquo;harmoniser avec la nature, notre Infinity Pool, notre nouvelle MED Pool et nos piscines int\u00e9rieures vous procurent une sensation de libert\u00e9 in\u00e9gal\u00e9e chez Higueron. Plongez dans une exclusivit\u00e9 sans pareille en savourant nos cocktails et boissons&#8230;<\/p>\n","protected":false},"author":1,"featured_media":3433,"parent":0,"menu_order":0,"comment_status":"closed","ping_status":"closed","template":"","meta":{"_acf_changed":false,"inline_featured_image":false,"_uag_custom_page_level_css":"","footnotes":""},"class_list":["post-3430","page","type-page","status-publish","has-post-thumbnail","hentry"],"acf":[],"uagb_featured_image_src":{"full":["https:\/\/leiroresidences.com\/wp-content\/uploads\/2024\/04\/pool.min_.webp",1920,1080,false],"thumbnail":["https:\/\/leiroresidences.com\/wp-content\/uploads\/2024\/04\/pool.min_-150x150.webp",150,150,true],"medium":["https:\/\/leiroresidences.com\/wp-content\/uploads\/2024\/04\/pool.min_-300x169.webp",300,169,true],"medium_large":["https:\/\/leiroresidences.com\/wp-content\/uploads\/2024\/04\/pool.min_-768x432.webp",768,432,true],"large":["https:\/\/leiroresidences.com\/wp-content\/uploads\/2024\/04\/pool.min_-1024x576.webp",1024,576,true],"1536x1536":["https:\/\/leiroresidences.com\/wp-content\/uploads\/2024\/04\/pool.min_-1536x864.webp",1536,864,true],"2048x2048":["https:\/\/leiroresidences.com\/wp-content\/uploads\/2024\/04\/pool.min_.webp",1920,1080,false]},"uagb_author_info":{"display_name":"@oscar","author_link":"https:\/\/leiroresidences.com\/fr\/author\/oscar\/"},"uagb_comment_info":0,"uagb_excerpt":"Enrichissez votre exp\u00e9rience de vacances gr\u00e2ce \u00e0 nos piscines ext\u00e9rieures et int\u00e9rieures haut de gamme. Con\u00e7ues avec soin pour s&rsquo;harmoniser avec la nature, notre Infinity Pool, notre nouvelle MED Pool et nos piscines int\u00e9rieures vous procurent une sensation de libert\u00e9 in\u00e9gal\u00e9e chez Higueron. Plongez dans une exclusivit\u00e9 sans pareille en savourant nos cocktails et boissons...","_links":{"self":[{"href":"https:\/\/leiroresidences.com\/fr\/wp-json\/wp\/v2\/pages\/3430","targetHints":{"allow":["GET"]}}],"collection":[{"href":"https:\/\/leiroresidences.com\/fr\/wp-json\/wp\/v2\/pages"}],"about":[{"href":"https:\/\/leiroresidences.com\/fr\/wp-json\/wp\/v2\/types\/page"}],"author":[{"embeddable":true,"href":"https:\/\/leiroresidences.com\/fr\/wp-json\/wp\/v2\/users\/1"}],"replies":[{"embeddable":true,"href":"https:\/\/leiroresidences.com\/fr\/wp-json\/wp\/v2\/comments?post=3430"}],"version-history":[{"count":5,"href":"https:\/\/leiroresidences.com\/fr\/wp-json\/wp\/v2\/pages\/3430\/revisions"}],"predecessor-version":[{"id":4200,"href":"https:\/\/leiroresidences.com\/fr\/wp-json\/wp\/v2\/pages\/3430\/revisions\/4200"}],"wp:featuredmedia":[{"embeddable":true,"href":"https:\/\/leiroresidences.com\/fr\/wp-json\/wp\/v2\/media\/3433"}],"wp:attachment":[{"href":"https:\/\/leiroresidences.com\/fr\/wp-json\/wp\/v2\/media?parent=3430"}],"curies":[{"name":"wp","href":"https:\/\/api.w.org\/{rel}","templated":true}]}}