{"id":3352,"date":"2024-04-09T12:28:06","date_gmt":"2024-04-09T10:28:06","guid":{"rendered":"https:\/\/leiroresidences.com\/baseny\/"},"modified":"2026-02-04T16:47:04","modified_gmt":"2026-02-04T15:47:04","slug":"baseny","status":"publish","type":"page","link":"https:\/\/leiroresidences.com\/pl\/baseny\/","title":{"rendered":"Baseny"},"content":{"rendered":"\n<div class=\"wp-block-group has-global-padding is-layout-constrained wp-container-core-group-is-layout-9fae62b9 wp-block-group-is-layout-constrained\" style=\"padding-right:1rem;padding-left:1rem\">\n<section class=\"wp-block-group has-global-padding is-layout-constrained wp-container-core-group-is-layout-dab67f8d wp-block-group-is-layout-constrained\" style=\"padding-top:30px;padding-bottom:30px\">\n<p class=\"has-text-align-center\">Wzboga\u0107 swoje wakacje dzi\u0119ki wyj\u0105tkowej ofercie basen\u00f3w zewn\u0119trznych i wewn\u0119trznych. Starannie zaprojektowane, aby harmonizowa\u0107 z natur\u0105, <strong>nasz Infinity Pool, nowo wprowadzony MED Pool oraz baseny wewn\u0119trzne zwi\u0119kszaj\u0105 poczucie wolno\u015bci<\/strong> w Higueron. Zanurz si\u0119 w niezr\u00f3wnanej ekskluzywno\u015bci, delektuj\u0105c si\u0119 naszymi r\u0119cznie przygotowywanymi koktajlami i napojami, kt\u00f3re zapewni\u0105 Ci nieko\u0144cz\u0105c\u0105 si\u0119 podr\u00f3\u017c pe\u0142n\u0105 relaksu i rozkoszy.  <\/p>\n<\/section>\n\n\n\n<section class=\"wp-block-uagb-container uagb-block-b30edb4c alignfull uagb-is-root-container\"><div class=\"uagb-container-inner-blocks-wrap\">\n<div class=\"wp-block-uagb-container fadeinright uagb-block-73f60147\">\n<figure class=\"wp-block-image size-full has-custom-border max-xs\"><img decoding=\"async\" width=\"600\" height=\"856\" src=\"https:\/\/leiroresidences.com\/wp-content\/uploads\/2024\/04\/INFINITY-BALINESAS.min_.webp\" alt=\"\" class=\"wp-image-237\" style=\"border-radius:50rem;aspect-ratio:16\/9;object-fit:cover\" srcset=\"https:\/\/leiroresidences.com\/wp-content\/uploads\/2024\/04\/INFINITY-BALINESAS.min_.webp 600w, https:\/\/leiroresidences.com\/wp-content\/uploads\/2024\/04\/INFINITY-BALINESAS.min_-210x300.webp 210w\" sizes=\"(max-width: 600px) 100vw, 600px\" \/><\/figure>\n<\/div>\n\n\n\n<div class=\"wp-block-uagb-container fadeinleft uagb-block-06ef71a6\">\n<div class=\"wp-block-uagb-advanced-heading uagb-block-d3a184a1\"><h2 class=\"uagb-heading-text\"><strong><strong>INFINITY POOL<\/strong><\/strong><\/h2><\/div>\n\n\n\n<div class=\"wp-block-uagb-advanced-heading uagb-block-97d53f96\"><p class=\"uagb-heading-text\"><strong>Rozkoszuj si\u0119 naszym Infinity Pool, kt\u00f3re zaoferuje Ci osza\u0142amiaj\u0105ce widoki na Morze \u015ar\u00f3dziemne<\/strong>. Niewa\u017cne czy wybierzesz podczas pobytu relaks na balijskim \u0142\u00f3\u017cku, czy wieczorne delektowanie si\u0119 wy\u015bmienitymi koktajlami przy DJ-u, Twoje do\u015bwiadczenie b\u0119dzie tu zawsze niezapomniane. <\/p><\/div>\n\n\n\n<div class=\"wp-block-uagb-advanced-heading uagb-block-75c02583\"><p class=\"uagb-heading-text\">Ekskluzywny dost\u0119p wy\u0142\u0105cznie dla doros\u0142ych.<\/p><\/div>\n<\/div>\n<\/div><\/section>\n\n\n\n<section class=\"wp-block-uagb-container uagb-block-dd0588c8 alignfull uagb-is-root-container\"><div class=\"uagb-container-inner-blocks-wrap\">\n<div class=\"wp-block-uagb-container fadeinright uagb-block-b572efa1\">\n<div class=\"wp-block-uagb-advanced-heading uagb-block-727a09d0\"><h2 class=\"uagb-heading-text\"><strong><strong><strong>MED POOL<\/strong><\/strong><\/strong><\/h2><\/div>\n\n\n\n<div class=\"wp-block-uagb-advanced-heading uagb-block-d9edb156\"><p class=\"uagb-heading-text\">Usytuowany jest na parterze hotelu i posiada przestronny taras specjalnie do b\u0142ogiego relaksu. Otaczaj\u0105 go tak\u017ce ko\u0142ysz\u0105ce si\u0119 palmy. Bezp\u0142atny dost\u0119p do niego zapewniany jest dla wszystkich <a href=\"https:\/\/leiroresidences.com\/pl\/\">go\u015bci hotelowych Higuer\u00f3n Costa del Sol.<\/a> <\/p><\/div>\n<\/div>\n\n\n\n<div class=\"wp-block-uagb-container fadeinleft uagb-block-35847ea5\">\n<figure class=\"wp-block-image size-large has-custom-border is-style-rounded max-xs\"><img decoding=\"async\" width=\"1024\" height=\"683\" src=\"https:\/\/leiroresidences.com\/wp-content\/uploads\/2024\/04\/CURIO-01.min_-1024x683.webp\" alt=\"\" class=\"wp-image-531\" style=\"border-radius:50rem;aspect-ratio:16\/9;object-fit:cover\" srcset=\"https:\/\/leiroresidences.com\/wp-content\/uploads\/2024\/04\/CURIO-01.min_-1024x683.webp 1024w, https:\/\/leiroresidences.com\/wp-content\/uploads\/2024\/04\/CURIO-01.min_-300x200.webp 300w, https:\/\/leiroresidences.com\/wp-content\/uploads\/2024\/04\/CURIO-01.min_-768x512.webp 768w, https:\/\/leiroresidences.com\/wp-content\/uploads\/2024\/04\/CURIO-01.min_.webp 1500w\" sizes=\"(max-width: 1024px) 100vw, 1024px\" \/><\/figure>\n<\/div>\n<\/div><\/section>\n\n\n\n<section class=\"wp-block-uagb-container uagb-block-e38a51d7 alignfull uagb-is-root-container\"><div class=\"uagb-container-inner-blocks-wrap\">\n<div class=\"wp-block-uagb-container fadeinright uagb-block-118e7acc\">\n<figure class=\"wp-block-image size-full has-custom-border max-xs\"><img decoding=\"async\" width=\"1499\" height=\"999\" src=\"https:\/\/leiroresidences.com\/wp-content\/uploads\/2024\/04\/piscina.min_.webp\" alt=\"\" class=\"wp-image-533\" style=\"border-radius:50rem;aspect-ratio:16\/9;object-fit:cover\" srcset=\"https:\/\/leiroresidences.com\/wp-content\/uploads\/2024\/04\/piscina.min_.webp 1499w, https:\/\/leiroresidences.com\/wp-content\/uploads\/2024\/04\/piscina.min_-300x200.webp 300w, https:\/\/leiroresidences.com\/wp-content\/uploads\/2024\/04\/piscina.min_-1024x682.webp 1024w, https:\/\/leiroresidences.com\/wp-content\/uploads\/2024\/04\/piscina.min_-768x512.webp 768w\" sizes=\"(max-width: 1499px) 100vw, 1499px\" \/><\/figure>\n<\/div>\n\n\n\n<div class=\"wp-block-uagb-container fadeinleft uagb-block-9636438a\">\n<div class=\"wp-block-uagb-advanced-heading uagb-block-6e95bd6a\"><h2 class=\"uagb-heading-text\"><strong><strong>BASEN <strong>KRYTY<\/strong><\/strong><\/strong><\/h2><\/div>\n\n\n\n<div class=\"wp-block-uagb-advanced-heading uagb-block-0ea71d0e\"><p class=\"uagb-heading-text\"><strong>Odkryj nasz kryty basen, kt\u00f3ry znajduje si\u0119 w Klubie Sportowym<\/strong><\/p><\/div>\n\n\n\n<div class=\"wp-block-uagb-advanced-heading uagb-block-0163ddd5\"><p class=\"uagb-heading-text\">Rozci\u0105ga si\u0119 on na 25 metr\u00f3w d\u0142ugo\u015bci i oferuje cztery tory p\u0142ywackie oraz osobny tor przeznaczony do wodnej rehabilitacji.<\/p><\/div>\n<\/div>\n<\/div><\/section>\n<\/div>\n","protected":false},"excerpt":{"rendered":"<p>Wzboga\u0107 swoje wakacje dzi\u0119ki wyj\u0105tkowej ofercie basen\u00f3w zewn\u0119trznych i wewn\u0119trznych. Starannie zaprojektowane, aby harmonizowa\u0107 z natur\u0105, nasz Infinity Pool, nowo wprowadzony MED Pool oraz baseny wewn\u0119trzne zwi\u0119kszaj\u0105 poczucie wolno\u015bci w Higueron. Zanurz si\u0119 w niezr\u00f3wnanej ekskluzywno\u015bci, delektuj\u0105c si\u0119 naszymi r\u0119cznie przygotowywanymi koktajlami i napojami, kt\u00f3re zapewni\u0105 Ci nieko\u0144cz\u0105c\u0105 si\u0119 podr\u00f3\u017c pe\u0142n\u0105 relaksu i rozkoszy. INFINITY&#8230;<\/p>\n","protected":false},"author":1,"featured_media":3355,"parent":0,"menu_order":0,"comment_status":"closed","ping_status":"closed","template":"","meta":{"_acf_changed":false,"inline_featured_image":false,"_uag_custom_page_level_css":"","footnotes":""},"class_list":["post-3352","page","type-page","status-publish","has-post-thumbnail","hentry"],"acf":[],"uagb_featured_image_src":{"full":["https:\/\/leiroresidences.com\/wp-content\/uploads\/2024\/04\/pool.min_.webp",1920,1080,false],"thumbnail":["https:\/\/leiroresidences.com\/wp-content\/uploads\/2024\/04\/pool.min_-150x150.webp",150,150,true],"medium":["https:\/\/leiroresidences.com\/wp-content\/uploads\/2024\/04\/pool.min_-300x169.webp",300,169,true],"medium_large":["https:\/\/leiroresidences.com\/wp-content\/uploads\/2024\/04\/pool.min_-768x432.webp",768,432,true],"large":["https:\/\/leiroresidences.com\/wp-content\/uploads\/2024\/04\/pool.min_-1024x576.webp",1024,576,true],"1536x1536":["https:\/\/leiroresidences.com\/wp-content\/uploads\/2024\/04\/pool.min_-1536x864.webp",1536,864,true],"2048x2048":["https:\/\/leiroresidences.com\/wp-content\/uploads\/2024\/04\/pool.min_.webp",1920,1080,false]},"uagb_author_info":{"display_name":"@oscar","author_link":"https:\/\/leiroresidences.com\/pl\/author\/oscar\/"},"uagb_comment_info":0,"uagb_excerpt":"Wzboga\u0107 swoje wakacje dzi\u0119ki wyj\u0105tkowej ofercie basen\u00f3w zewn\u0119trznych i wewn\u0119trznych. Starannie zaprojektowane, aby harmonizowa\u0107 z natur\u0105, nasz Infinity Pool, nowo wprowadzony MED Pool oraz baseny wewn\u0119trzne zwi\u0119kszaj\u0105 poczucie wolno\u015bci w Higueron. Zanurz si\u0119 w niezr\u00f3wnanej ekskluzywno\u015bci, delektuj\u0105c si\u0119 naszymi r\u0119cznie przygotowywanymi koktajlami i napojami, kt\u00f3re zapewni\u0105 Ci nieko\u0144cz\u0105c\u0105 si\u0119 podr\u00f3\u017c pe\u0142n\u0105 relaksu i rozkoszy. INFINITY...","_links":{"self":[{"href":"https:\/\/leiroresidences.com\/pl\/wp-json\/wp\/v2\/pages\/3352","targetHints":{"allow":["GET"]}}],"collection":[{"href":"https:\/\/leiroresidences.com\/pl\/wp-json\/wp\/v2\/pages"}],"about":[{"href":"https:\/\/leiroresidences.com\/pl\/wp-json\/wp\/v2\/types\/page"}],"author":[{"embeddable":true,"href":"https:\/\/leiroresidences.com\/pl\/wp-json\/wp\/v2\/users\/1"}],"replies":[{"embeddable":true,"href":"https:\/\/leiroresidences.com\/pl\/wp-json\/wp\/v2\/comments?post=3352"}],"version-history":[{"count":7,"href":"https:\/\/leiroresidences.com\/pl\/wp-json\/wp\/v2\/pages\/3352\/revisions"}],"predecessor-version":[{"id":4213,"href":"https:\/\/leiroresidences.com\/pl\/wp-json\/wp\/v2\/pages\/3352\/revisions\/4213"}],"wp:featuredmedia":[{"embeddable":true,"href":"https:\/\/leiroresidences.com\/pl\/wp-json\/wp\/v2\/media\/3355"}],"wp:attachment":[{"href":"https:\/\/leiroresidences.com\/pl\/wp-json\/wp\/v2\/media?parent=3352"}],"curies":[{"name":"wp","href":"https:\/\/api.w.org\/{rel}","templated":true}]}}