{"id":3619,"date":"2024-05-10T10:48:45","date_gmt":"2024-05-10T08:48:45","guid":{"rendered":"https:\/\/leiroresidences.com\/kontakta-oss\/"},"modified":"2026-02-05T01:17:06","modified_gmt":"2026-02-05T00:17:06","slug":"kontakta-oss","status":"publish","type":"page","link":"https:\/\/leiroresidences.com\/sv\/kontakta-oss\/","title":{"rendered":"Kontakta oss"},"content":{"rendered":"\n<div class=\"wp-block-group has-global-padding is-layout-constrained wp-container-core-group-is-layout-6cf67530 wp-block-group-is-layout-constrained\" style=\"padding-right:var(--wp--preset--spacing--40);padding-bottom:100px;padding-left:var(--wp--preset--spacing--40)\">\n<section class=\"wp-block-group has-global-padding is-layout-constrained wp-container-core-group-is-layout-dab67f8d wp-block-group-is-layout-constrained\" style=\"padding-top:30px;padding-bottom:30px\">\n<p class=\"has-text-align-center\"><strong>Har du n\u00e5gra fr\u00e5gor om v\u00e5r webbplats eller v\u00e5ra tj\u00e4nster?<\/strong><\/p>\n\n\n\n<p class=\"has-text-align-center\">Vi finns h\u00e4r f\u00f6r att ge dig svar och hj\u00e4lp varje steg p\u00e5 v\u00e4gen. Tveka inte att kontakta oss och l\u00e5t oss vara en del av din of\u00f6rgl\u00f6mliga upplevelse p\u00e5 v\u00e5r dr\u00f6mdestination! <\/p>\n<\/section>\n\n\n\n<div class=\"wp-block-uagb-container uagb-block-704283ad alignfull uagb-is-root-container\"><div class=\"uagb-container-inner-blocks-wrap\">\n<div class=\"wp-block-uagb-container uagb-block-a815a9df default uagb-is-root-container\"><div\n\tclass=\"data-info md:!sticky md:top-[200px]\">\n\t\n<nav class=\"contact-info-wrapper\">\n\n\t\t<ul class=\"contact-info\">\n\t\t\t\t<li>\n\t\t\t<div class=\"info-wrapper\">\n\t\t\t\t<span\n\t\t\t\t\tclass=\"title\">Kontaktinformation<\/span>\n\t\t\t\t<a class=\"phone\"\n\t\t\t\t\thref=\"tel:+34952005203\"\n\t\t\t\t\ttarget=\"_blank\">\n\t\t\t\t\t952 005 203\t\t\t\t<\/a>\n\t\t\t\t<a class=\"email\"\n\t\t\t\t\thref=\"mailto:reservasleiroresidences@higueronresort.com\"\n\t\t\t\t\ttarget=\"_blank\">\n\n\t\t\t\t\treservasleiroresidences@higueronresort.com\t\t\t\t<\/a>\n\t\t\t<\/div>\n\t\t<\/li>\n\t\t\t<\/ul>\n\n\t\n\t\t<a class=\"address\" href=\"https:\/\/maps.app.goo.gl\/KKFK9FYKZdd1dhfy6\" target=\"_blank\" rel=\"noopener noreferrer\">\n\t\t Av. del Higuer\u00f3n, 48, 29640 Fuengirola, M\u00e1laga\t<\/a>\n\t\n\n<\/nav>\n\n<\/div>\n\n<\/div>\n\n\n\n<div class=\"wp-block-uagb-container uagb-block-94d7544b default uagb-is-root-container\">\n<div class=\"wp-block-uagb-forms uagb-forms__outer-wrap uagb-block-0b6c2caa uagb-forms__medium-btn\"><form class=\"uagb-forms-main-form\" method=\"post\" autocomplete=\"on\" name=\"uagb-form-0b6c2caa\">\n<div class=\"wp-block-uagb-forms-name uagb-forms-name-wrap uagb-forms-field-set uagb-block-9aad6ea0\"><div class=\"uagb-forms-name-label required uagb-forms-input-label\" id=\"9aad6ea0\">F\u00f6rnamn<\/div><input type=\"text\" placeholder=\"F\u00f6rnamn\" required=\"\" class=\"uagb-forms-name-input uagb-forms-input\" name=\"9aad6ea0\" autocomplete=\"given-name\"><\/div>\n\n\n\n<div class=\"wp-block-uagb-forms-name uagb-forms-name-wrap uagb-forms-field-set uagb-block-ec0baa30\"><div class=\"uagb-forms-name-label uagb-forms-input-label\" id=\"ec0baa30\">Efternamn<\/div><input type=\"text\" placeholder=\"Efternamn\" class=\"uagb-forms-name-input uagb-forms-input\" name=\"ec0baa30\" autocomplete=\"family-name\"><\/div>\n\n\n\n<div class=\"wp-block-uagb-forms-email uagb-forms-email-wrap uagb-forms-field-set uagb-block-bbcb4ecd\"><div class=\"uagb-forms-email-label required uagb-forms-input-label\" id=\"bbcb4ecd\">E-post<\/div><input type=\"email\" class=\"uagb-forms-email-input uagb-forms-input\" placeholder=\"example@mail.com\" required=\"\" name=\"bbcb4ecd\" autocomplete=\"email\"><\/div>\n\n\n\n<div class=\"wp-block-uagb-forms-textarea uagb-forms-textarea-wrap uagb-forms-field-set uagb-block-35385e3e\"><div class=\"uagb-forms-textarea-label required uagb-forms-input-label\" id=\"35385e3e\">Meddelande<\/div><textarea required=\"\" class=\"uagb-forms-textarea-input uagb-forms-input\" rows=\"4\" placeholder=\"Skriv ditt meddelande\" name=\"35385e3e\" autocomplete=\"off\"><\/textarea><\/div>\n\n\n\n<div class=\"wp-block-uagb-forms-toggle uagb-forms-toggle-wrap uagb-forms-field-set uagb-block-ffdffa64\"><div class=\"uagb-forms-toggle-label required uagb-forms-input-label\" id=\"ffdffa64\">Jag accepterar <strong><a href=\"https:\/\/leiroresidences.com\/privacy-policy\/\" data-type=\"page\" data-id=\"683\" target=\"_blank\" rel=\"noreferrer noopener\">Sekretesspolicyn<\/a><\/strong><\/div><label class=\"uagb-switch\" id=\"uag-form\"><input type=\"hidden\" class=\"uagb-forms-toggle-input\" data-truestate=\"on\" data-falsestate=\"off\" value=\"off\" required=\"\" name=\"ffdffa64\" aria-label=\"I accept the a href=\" data-type=\"\"page\"\" data-id=\"\"683\"\" target=\"\"_blank\"\" rel=\"\"noreferrer noopener\"><input type=\"checkbox\" class=\"uagb-forms-toggle-input\" data-truestate=\"on\" data-falsestate=\"off\" value=\"off\" required=\"\" name=\"ffdffa64\" aria-label=\"I accept the a href=\" data-type=\"\"page\"\" data-id=\"\"683\"\" target=\"\"_blank\"\" rel=\"\"noreferrer noopener\"><span class=\"uagb-slider round\"><\/span><\/label><\/div>\n<div class=\"uagb-forms-form-hidden-data\"><input type=\"hidden\" id=\"g-recaptcha-response\" class=\"uagb-forms-recaptcha\"\/><input type=\"hidden\" class=\"uagb_forms_form_label\" value=\"Contact Us\"\/><input type=\"hidden\" class=\"uagb_forms_form_id\" value=\"uagb-form-0b6c2caa\"\/><\/div><div class=\"uagb-form-reacaptcha-error-0b6c2caa\"><\/div><div class=\"uagb-forms-main-submit-button-wrap wp-block-button\"><button class=\"uagb-forms-main-submit-button wp-block-button__link\"><div class=\"uagb-forms-main-submit-button-text\">Skicka<\/div><\/button><\/div><\/form><div class=\"uagb-forms-success-message-0b6c2caa uagb-forms-submit-message-hide\"><span>The form has been submitted successfully!<\/span><\/div><div class=\"uagb-forms-failed-message-0b6c2caa uagb-forms-submit-message-hide\"><span>There has been some error while submitting the form. Please verify all form fields again.<\/span><\/div><\/div>\n<\/div>\n<\/div><\/div>\n\n\n\n<div class=\"wp-block-uagb-container uagb-block-59a493a7 default uagb-is-root-container\">\t\t\t<div \n\t\t\tclass=\"wp-block-uagb-google-map uagb-google-map__wrap uagb-block-69c4ca99     \"\n\t\t\tstyle=\"\" >\n\t\t\t\t<embed\n\t\t\t\t\tclass=\"uagb-google-map__iframe\"\n\t\t\t\t\ttitle=\"Google Map for \"\n\t\t\t\t\tsrc=\"https:\/\/maps.google.com\/maps?q=Leiro%20Residences&#038;z=15&#038;hl=en&#038;t=m&#038;output=embed&#038;iwloc=near\"\n\t\t\t\t\twidth=\"640\"\n\t\t\t\t\theight=\"300\"\n\t\t\t\t\tloading=\"lazy\"\n\t\t\t\t><\/embed>\n\t\t\t<\/div>\n\t\t\t<\/div>\n<\/div>\n","protected":false},"excerpt":{"rendered":"<p>Har du n\u00e5gra fr\u00e5gor om v\u00e5r webbplats eller v\u00e5ra tj\u00e4nster? Vi finns h\u00e4r f\u00f6r att ge dig svar och hj\u00e4lp varje steg p\u00e5 v\u00e4gen. Tveka inte att kontakta oss och l\u00e5t oss vara en del av din of\u00f6rgl\u00f6mliga upplevelse p\u00e5 v\u00e5r dr\u00f6mdestination!<\/p>\n","protected":false},"author":1,"featured_media":3620,"parent":0,"menu_order":0,"comment_status":"closed","ping_status":"closed","template":"","meta":{"_acf_changed":false,"inline_featured_image":false,"_uag_custom_page_level_css":"","footnotes":""},"class_list":["post-3619","page","type-page","status-publish","has-post-thumbnail","hentry"],"acf":[],"uagb_featured_image_src":{"full":["https:\/\/leiroresidences.com\/wp-content\/uploads\/2024\/05\/LEIRO-RESIDENCES-_47_.min_.webp",1300,867,false],"thumbnail":["https:\/\/leiroresidences.com\/wp-content\/uploads\/2024\/05\/LEIRO-RESIDENCES-_47_.min_-150x150.webp",150,150,true],"medium":["https:\/\/leiroresidences.com\/wp-content\/uploads\/2024\/05\/LEIRO-RESIDENCES-_47_.min_-300x200.webp",300,200,true],"medium_large":["https:\/\/leiroresidences.com\/wp-content\/uploads\/2024\/05\/LEIRO-RESIDENCES-_47_.min_-768x512.webp",768,512,true],"large":["https:\/\/leiroresidences.com\/wp-content\/uploads\/2024\/05\/LEIRO-RESIDENCES-_47_.min_-1024x683.webp",1024,683,true],"1536x1536":["https:\/\/leiroresidences.com\/wp-content\/uploads\/2024\/05\/LEIRO-RESIDENCES-_47_.min_.webp",1300,867,false],"2048x2048":["https:\/\/leiroresidences.com\/wp-content\/uploads\/2024\/05\/LEIRO-RESIDENCES-_47_.min_.webp",1300,867,false]},"uagb_author_info":{"display_name":"@oscar","author_link":"https:\/\/leiroresidences.com\/sv\/author\/oscar\/"},"uagb_comment_info":0,"uagb_excerpt":"Har du n\u00e5gra fr\u00e5gor om v\u00e5r webbplats eller v\u00e5ra tj\u00e4nster? Vi finns h\u00e4r f\u00f6r att ge dig svar och hj\u00e4lp varje steg p\u00e5 v\u00e4gen. Tveka inte att kontakta oss och l\u00e5t oss vara en del av din of\u00f6rgl\u00f6mliga upplevelse p\u00e5 v\u00e5r dr\u00f6mdestination!","_links":{"self":[{"href":"https:\/\/leiroresidences.com\/sv\/wp-json\/wp\/v2\/pages\/3619","targetHints":{"allow":["GET"]}}],"collection":[{"href":"https:\/\/leiroresidences.com\/sv\/wp-json\/wp\/v2\/pages"}],"about":[{"href":"https:\/\/leiroresidences.com\/sv\/wp-json\/wp\/v2\/types\/page"}],"author":[{"embeddable":true,"href":"https:\/\/leiroresidences.com\/sv\/wp-json\/wp\/v2\/users\/1"}],"replies":[{"embeddable":true,"href":"https:\/\/leiroresidences.com\/sv\/wp-json\/wp\/v2\/comments?post=3619"}],"version-history":[{"count":3,"href":"https:\/\/leiroresidences.com\/sv\/wp-json\/wp\/v2\/pages\/3619\/revisions"}],"predecessor-version":[{"id":4248,"href":"https:\/\/leiroresidences.com\/sv\/wp-json\/wp\/v2\/pages\/3619\/revisions\/4248"}],"wp:featuredmedia":[{"embeddable":true,"href":"https:\/\/leiroresidences.com\/sv\/wp-json\/wp\/v2\/media\/3620"}],"wp:attachment":[{"href":"https:\/\/leiroresidences.com\/sv\/wp-json\/wp\/v2\/media?parent=3619"}],"curies":[{"name":"wp","href":"https:\/\/api.w.org\/{rel}","templated":true}]}}