{"id":3669,"date":"2024-04-09T12:27:06","date_gmt":"2024-04-09T10:27:06","guid":{"rendered":"https:\/\/leiroresidences.com\/spa\/"},"modified":"2026-01-07T13:35:45","modified_gmt":"2026-01-07T12:35:45","slug":"spa","status":"publish","type":"page","link":"https:\/\/leiroresidences.com\/sv\/spa\/","title":{"rendered":"Spa"},"content":{"rendered":"\n<div class=\"wp-block-group has-global-padding is-layout-constrained wp-container-core-group-is-layout-9fae62b9 wp-block-group-is-layout-constrained\" style=\"padding-right:1rem;padding-left:1rem\">\n<section class=\"wp-block-group has-global-padding is-layout-constrained wp-container-core-group-is-layout-dab67f8d wp-block-group-is-layout-constrained\" style=\"padding-top:30px;padding-bottom:30px\">\n<p class=\"has-text-align-center\">Uppt\u00e4ck din fulla potential p\u00e5 Higuer\u00f3n Spa. F\u00f6rdjupa dig i en komplett hydroterapi-krets, njut av f\u00f6ryngrande wellness-behandlingar och upplev v\u00e5r h\u00e4lso- och avslappningsritual, allt utformat f\u00f6r att harmonisera kropp, sinne och sj\u00e4l.<\/p>\n\n\n\n<p class=\"has-text-align-center\">Endast f\u00f6r vuxna.<\/p>\n<\/section>\n\n\n\n<section class=\"wp-block-uagb-container uagb-block-e38a51d7 alignfull uagb-is-root-container\"><div class=\"uagb-container-inner-blocks-wrap\">\n<div class=\"wp-block-uagb-container fadeinright c-sticky uagb-block-118e7acc\">\n<figure class=\"wp-block-image size-full has-custom-border max-xs\"><img decoding=\"async\" width=\"900\" height=\"600\" src=\"https:\/\/leiroresidences.com\/wp-content\/uploads\/2024\/10\/spa-hydro-higueron.jpg\" alt=\"hydro spa higueron\" class=\"wp-image-1438\" style=\"border-radius:50rem;aspect-ratio:16\/9;object-fit:cover\" srcset=\"https:\/\/leiroresidences.com\/wp-content\/uploads\/2024\/10\/spa-hydro-higueron.jpg 900w, https:\/\/leiroresidences.com\/wp-content\/uploads\/2024\/10\/spa-hydro-higueron-300x200.jpg 300w, https:\/\/leiroresidences.com\/wp-content\/uploads\/2024\/10\/spa-hydro-higueron-768x512.jpg 768w\" sizes=\"(max-width: 900px) 100vw, 900px\" \/><\/figure>\n<\/div>\n\n\n\n<div class=\"wp-block-uagb-container fadeinleft uagb-block-9636438a\">\n<div class=\"wp-block-uagb-advanced-heading uagb-block-6e95bd6a\"><h2 class=\"uagb-heading-text\"><strong><strong>HIGUER\u00d3N SPA HYDRO CIRCUIT<\/strong><\/strong><\/h2><\/div>\n\n\n\n<div class=\"wp-block-uagb-advanced-heading uagb-block-cc82c868\"><p class=\"uagb-heading-text\">Koppla av och njut av en oas som \u00e4r skr\u00e4ddarsydd just f\u00f6r dig:<\/p><\/div>\n\n\n\n<ul class=\"wp-block-list\">\n<li>Koppla av och njut av en oas som \u00e4r skr\u00e4ddarsydd just f\u00f6r dig:<\/li>\n\n\n\n<li>Dyk ner i v\u00e5r dynamiska pool med \u00f6ver 34 h\u00f6gtrycksstr\u00e5lar f\u00f6r en helkroppsupplevelse.<\/li>\n\n\n\n<li>Njut av massageb\u00e4nkar, bubbelpooler och forsande vattenfall.<\/li>\n\n\n\n<li>Fr\u00e4scha upp dina sinnen i v\u00e5ra kontrastrika pooler.<\/li>\n\n\n\n<li>Njut av v\u00e4rmen i v\u00e5r uppv\u00e4rmda 25-meters inomhuspool.<\/li>\n\n\n\n<li>F\u00f6ryngra dig i v\u00e5r bastu och v\u00e5rt turkiska bad med bioaromer.<\/li>\n\n\n\n<li>Koppla av i v\u00e5rt relaxomr\u00e5de eller njut av solen p\u00e5 v\u00e5rt solarium.<\/li>\n\n\n\n<li>Dra nytta av exklusiva rabatter f\u00f6r hotellg\u00e4ster.<\/li>\n<\/ul>\n<\/div>\n<\/div><\/section>\n<\/div>\n\n<section class=\"wp-block-group of-hidden fadein has-global-padding is-layout-constrained wp-container-core-group-is-layout-12243e0f wp-block-group-is-layout-constrained\">\n<div class=\"wp-block-uagb-container overflow uagb-block-017ea823 alignfull uagb-is-root-container\"><div class=\"uagb-container-inner-blocks-wrap\">\t\t\t\t\t<div\n\t\t\t\t\t\tclass=\"wp-block-uagb-image-gallery uagb-block-6eec9dc4 overflow-carousel    \"\n\t\t\t\t\t\tstyle=\"\"\n\t\t\t\t\t>\n\t\t\t\t\t\t\t\t\t\t\t<div class=\"spectra-image-gallery spectra-image-gallery__layout--carousel\">\n\t\t\t\t\t\t\t\t<div class=\"uagb-slick-carousel uagb-block-6eec9dc4\">\n\t\t\t\t\t\t\t\t\t\t\t\t<div class='spectra-image-gallery__media-wrapper' data-spectra-gallery-image-id='1443'>\n\t\t\t\t\t\t\t<div class=\"spectra-image-gallery__media spectra-image-gallery__media--carousel\">\n\t\t\t\t<picture>\n\t\t\t\t\t<source media=\"(min-width: 1024px)\" srcset=\"https:\/\/leiroresidences.com\/wp-content\/uploads\/2024\/10\/piscina-spa-higueron.jpg\">\n\t\t\t\t\t<source media=\"(min-width: 768px)\" srcset=\"https:\/\/leiroresidences.com\/wp-content\/uploads\/2024\/10\/piscina-spa-higueron.jpg\">\n\t\t\t\t\t<img decoding=\"async\" class=\"spectra-image-gallery__media-thumbnail spectra-image-gallery__media-thumbnail--carousel\" src=\"https:\/\/leiroresidences.com\/wp-content\/uploads\/2024\/10\/piscina-spa-higueron-300x200.jpg\" alt=\"piscina spa higueron\" loading=\"lazy\" \/>\n\t\t\t\t<\/picture>\n\t\t\t\t<div class=\"spectra-image-gallery__media-thumbnail-blurrer\"><\/div>\n\t\t\t\t\t\t\t\t\t\t\t<div class=\"spectra-image-gallery__media-thumbnail-caption-wrapper spectra-image-gallery__media-thumbnail-caption-wrapper--overlay\"><\/div>\n\t\t\t\t\t\t\t\t<\/div>\n\t\t\t\t\t\t<\/div>\n\t\t\t\t\t\t<div class='spectra-image-gallery__media-wrapper' data-spectra-gallery-image-id='514'>\n\t\t\t\t\t\t\t<div class=\"spectra-image-gallery__media spectra-image-gallery__media--carousel\">\n\t\t\t\t<picture>\n\t\t\t\t\t<source media=\"(min-width: 1024px)\" srcset=\"https:\/\/leiroresidences.com\/wp-content\/uploads\/2024\/04\/Spa-Nagomi1-2-1024x563-1.webp\">\n\t\t\t\t\t<source media=\"(min-width: 768px)\" srcset=\"https:\/\/leiroresidences.com\/wp-content\/uploads\/2024\/04\/Spa-Nagomi1-2-1024x563-1.webp\">\n\t\t\t\t\t<img decoding=\"async\" class=\"spectra-image-gallery__media-thumbnail spectra-image-gallery__media-thumbnail--carousel\" src=\"https:\/\/leiroresidences.com\/wp-content\/uploads\/2024\/04\/Spa-Nagomi1-2-1024x563-1-300x165.webp\" alt=\"\" loading=\"lazy\" \/>\n\t\t\t\t<\/picture>\n\t\t\t\t<div class=\"spectra-image-gallery__media-thumbnail-blurrer\"><\/div>\n\t\t\t\t\t\t\t\t\t\t\t<div class=\"spectra-image-gallery__media-thumbnail-caption-wrapper spectra-image-gallery__media-thumbnail-caption-wrapper--overlay\"><\/div>\n\t\t\t\t\t\t\t\t<\/div>\n\t\t\t\t\t\t<\/div>\n\t\t\t\t\t\t<div class='spectra-image-gallery__media-wrapper' data-spectra-gallery-image-id='506'>\n\t\t\t\t\t\t\t<div class=\"spectra-image-gallery__media spectra-image-gallery__media--carousel\">\n\t\t\t\t<picture>\n\t\t\t\t\t<source media=\"(min-width: 1024px)\" srcset=\"https:\/\/leiroresidences.com\/wp-content\/uploads\/2024\/04\/6F0A9315-1024x600-1.webp\">\n\t\t\t\t\t<source media=\"(min-width: 768px)\" srcset=\"https:\/\/leiroresidences.com\/wp-content\/uploads\/2024\/04\/6F0A9315-1024x600-1.webp\">\n\t\t\t\t\t<img decoding=\"async\" class=\"spectra-image-gallery__media-thumbnail spectra-image-gallery__media-thumbnail--carousel\" src=\"https:\/\/leiroresidences.com\/wp-content\/uploads\/2024\/04\/6F0A9315-1024x600-1-300x176.webp\" alt=\"\" loading=\"lazy\" \/>\n\t\t\t\t<\/picture>\n\t\t\t\t<div class=\"spectra-image-gallery__media-thumbnail-blurrer\"><\/div>\n\t\t\t\t\t\t\t\t\t\t\t<div class=\"spectra-image-gallery__media-thumbnail-caption-wrapper spectra-image-gallery__media-thumbnail-caption-wrapper--overlay\"><\/div>\n\t\t\t\t\t\t\t\t<\/div>\n\t\t\t\t\t\t<\/div>\n\t\t\t\t\t\t<div class='spectra-image-gallery__media-wrapper' data-spectra-gallery-image-id='508'>\n\t\t\t\t\t\t\t<div class=\"spectra-image-gallery__media spectra-image-gallery__media--carousel\">\n\t\t\t\t<picture>\n\t\t\t\t\t<source media=\"(min-width: 1024px)\" srcset=\"https:\/\/leiroresidences.com\/wp-content\/uploads\/2024\/04\/A0009368-copia-683x1024-1.webp\">\n\t\t\t\t\t<source media=\"(min-width: 768px)\" srcset=\"https:\/\/leiroresidences.com\/wp-content\/uploads\/2024\/04\/A0009368-copia-683x1024-1.webp\">\n\t\t\t\t\t<img decoding=\"async\" class=\"spectra-image-gallery__media-thumbnail spectra-image-gallery__media-thumbnail--carousel\" src=\"https:\/\/leiroresidences.com\/wp-content\/uploads\/2024\/04\/A0009368-copia-683x1024-1-200x300.webp\" alt=\"\" loading=\"lazy\" \/>\n\t\t\t\t<\/picture>\n\t\t\t\t<div class=\"spectra-image-gallery__media-thumbnail-blurrer\"><\/div>\n\t\t\t\t\t\t\t\t\t\t\t<div class=\"spectra-image-gallery__media-thumbnail-caption-wrapper spectra-image-gallery__media-thumbnail-caption-wrapper--overlay\"><\/div>\n\t\t\t\t\t\t\t\t<\/div>\n\t\t\t\t\t\t<\/div>\n\t\t\t\t\t\t<div class='spectra-image-gallery__media-wrapper' data-spectra-gallery-image-id='510'>\n\t\t\t\t\t\t\t<div class=\"spectra-image-gallery__media spectra-image-gallery__media--carousel\">\n\t\t\t\t<picture>\n\t\t\t\t\t<source media=\"(min-width: 1024px)\" srcset=\"https:\/\/leiroresidences.com\/wp-content\/uploads\/2024\/04\/A0009490-copia-1024x683-1.webp\">\n\t\t\t\t\t<source media=\"(min-width: 768px)\" srcset=\"https:\/\/leiroresidences.com\/wp-content\/uploads\/2024\/04\/A0009490-copia-1024x683-1.webp\">\n\t\t\t\t\t<img decoding=\"async\" class=\"spectra-image-gallery__media-thumbnail spectra-image-gallery__media-thumbnail--carousel\" src=\"https:\/\/leiroresidences.com\/wp-content\/uploads\/2024\/04\/A0009490-copia-1024x683-1-300x200.webp\" alt=\"\" loading=\"lazy\" \/>\n\t\t\t\t<\/picture>\n\t\t\t\t<div class=\"spectra-image-gallery__media-thumbnail-blurrer\"><\/div>\n\t\t\t\t\t\t\t\t\t\t\t<div class=\"spectra-image-gallery__media-thumbnail-caption-wrapper spectra-image-gallery__media-thumbnail-caption-wrapper--overlay\"><\/div>\n\t\t\t\t\t\t\t\t<\/div>\n\t\t\t\t\t\t<\/div>\n\t\t\t\t\t\t<div class='spectra-image-gallery__media-wrapper' data-spectra-gallery-image-id='519'>\n\t\t\t\t\t\t\t<div class=\"spectra-image-gallery__media spectra-image-gallery__media--carousel\">\n\t\t\t\t<picture>\n\t\t\t\t\t<source media=\"(min-width: 1024px)\" srcset=\"https:\/\/leiroresidences.com\/wp-content\/uploads\/2024\/04\/A0009859-copia-1024x683-1.webp\">\n\t\t\t\t\t<source media=\"(min-width: 768px)\" srcset=\"https:\/\/leiroresidences.com\/wp-content\/uploads\/2024\/04\/A0009859-copia-1024x683-1.webp\">\n\t\t\t\t\t<img decoding=\"async\" class=\"spectra-image-gallery__media-thumbnail spectra-image-gallery__media-thumbnail--carousel\" src=\"https:\/\/leiroresidences.com\/wp-content\/uploads\/2024\/04\/A0009859-copia-1024x683-1-300x200.webp\" alt=\"\" loading=\"lazy\" \/>\n\t\t\t\t<\/picture>\n\t\t\t\t<div class=\"spectra-image-gallery__media-thumbnail-blurrer\"><\/div>\n\t\t\t\t\t\t\t\t\t\t\t<div class=\"spectra-image-gallery__media-thumbnail-caption-wrapper spectra-image-gallery__media-thumbnail-caption-wrapper--overlay\"><\/div>\n\t\t\t\t\t\t\t\t<\/div>\n\t\t\t\t\t\t<\/div>\n\t\t\t\t\t\t<div class='spectra-image-gallery__media-wrapper' data-spectra-gallery-image-id='521'>\n\t\t\t\t\t\t\t<div class=\"spectra-image-gallery__media spectra-image-gallery__media--carousel\">\n\t\t\t\t<picture>\n\t\t\t\t\t<source media=\"(min-width: 1024px)\" srcset=\"https:\/\/leiroresidences.com\/wp-content\/uploads\/2024\/04\/A0009775-copia-1024x683-1.webp\">\n\t\t\t\t\t<source media=\"(min-width: 768px)\" srcset=\"https:\/\/leiroresidences.com\/wp-content\/uploads\/2024\/04\/A0009775-copia-1024x683-1.webp\">\n\t\t\t\t\t<img decoding=\"async\" class=\"spectra-image-gallery__media-thumbnail spectra-image-gallery__media-thumbnail--carousel\" src=\"https:\/\/leiroresidences.com\/wp-content\/uploads\/2024\/04\/A0009775-copia-1024x683-1-300x200.webp\" alt=\"\" loading=\"lazy\" \/>\n\t\t\t\t<\/picture>\n\t\t\t\t<div class=\"spectra-image-gallery__media-thumbnail-blurrer\"><\/div>\n\t\t\t\t\t\t\t\t\t\t\t<div class=\"spectra-image-gallery__media-thumbnail-caption-wrapper spectra-image-gallery__media-thumbnail-caption-wrapper--overlay\"><\/div>\n\t\t\t\t\t\t\t\t<\/div>\n\t\t\t\t\t\t<\/div>\n\t\t\t\t\t\t<div class='spectra-image-gallery__media-wrapper' data-spectra-gallery-image-id='523'>\n\t\t\t\t\t\t\t<div class=\"spectra-image-gallery__media spectra-image-gallery__media--carousel\">\n\t\t\t\t<picture>\n\t\t\t\t\t<source media=\"(min-width: 1024px)\" srcset=\"https:\/\/leiroresidences.com\/wp-content\/uploads\/2024\/04\/A0009872-copia-1024x683-1.webp\">\n\t\t\t\t\t<source media=\"(min-width: 768px)\" srcset=\"https:\/\/leiroresidences.com\/wp-content\/uploads\/2024\/04\/A0009872-copia-1024x683-1.webp\">\n\t\t\t\t\t<img decoding=\"async\" class=\"spectra-image-gallery__media-thumbnail spectra-image-gallery__media-thumbnail--carousel\" src=\"https:\/\/leiroresidences.com\/wp-content\/uploads\/2024\/04\/A0009872-copia-1024x683-1-300x200.webp\" alt=\"\" loading=\"lazy\" \/>\n\t\t\t\t<\/picture>\n\t\t\t\t<div class=\"spectra-image-gallery__media-thumbnail-blurrer\"><\/div>\n\t\t\t\t\t\t\t\t\t\t\t<div class=\"spectra-image-gallery__media-thumbnail-caption-wrapper spectra-image-gallery__media-thumbnail-caption-wrapper--overlay\"><\/div>\n\t\t\t\t\t\t\t\t<\/div>\n\t\t\t\t\t\t<\/div>\n\t\t\t\t\t\t\t\t\t\t\t<\/div>\n\t\t\t\t\t\t\t<\/div>\n\t\t\t\t\t\t\t\t\t\t\t<\/div>\n\t\t\t\t\t\t\t\t\t\t\t<div class='spectra-image-gallery__control-lightbox' tabindex='0'>\n\t\t\t\t\t\t\t\t\t\t\t<div class=\"swiper spectra-image-gallery__control-lightbox--main\" dir=\"\">\n\t\t\t\t\t<div class=\"swiper-wrapper\">\n\t\t\t\t\t\t\t\t\t\t\t\t\t\n\t\t\t\t\t\t\t<div class=\"swiper-slide\">\n\t\t\t\t\t\t\t\t<img class=\"swiper-lazy\" data-src=\"https:\/\/leiroresidences.com\/wp-content\/uploads\/2024\/10\/piscina-spa-higueron.jpg\" alt=\"piscina spa higueron\"\/>\n\t\t\t\t\t\t\t\t<div class=\"swiper-lazy-preloader swiper-lazy-preloader-white\"><\/div>\n\t\t\t\t\t\t\t\t\t\t\t\t\t\t\t<\/div>\n\t\t\t\t\t\t\t\t\t\t\t\t\t\n\t\t\t\t\t\t\t<div class=\"swiper-slide\">\n\t\t\t\t\t\t\t\t<img class=\"swiper-lazy\" data-src=\"https:\/\/leiroresidences.com\/wp-content\/uploads\/2024\/04\/Spa-Nagomi1-2-1024x563-1.webp\" alt=\"\"\/>\n\t\t\t\t\t\t\t\t<div class=\"swiper-lazy-preloader swiper-lazy-preloader-white\"><\/div>\n\t\t\t\t\t\t\t\t\t\t\t\t\t\t\t<\/div>\n\t\t\t\t\t\t\t\t\t\t\t\t\t\n\t\t\t\t\t\t\t<div class=\"swiper-slide\">\n\t\t\t\t\t\t\t\t<img class=\"swiper-lazy\" data-src=\"https:\/\/leiroresidences.com\/wp-content\/uploads\/2024\/04\/6F0A9315-1024x600-1.webp\" alt=\"\"\/>\n\t\t\t\t\t\t\t\t<div class=\"swiper-lazy-preloader swiper-lazy-preloader-white\"><\/div>\n\t\t\t\t\t\t\t\t\t\t\t\t\t\t\t<\/div>\n\t\t\t\t\t\t\t\t\t\t\t\t\t\n\t\t\t\t\t\t\t<div class=\"swiper-slide\">\n\t\t\t\t\t\t\t\t<img class=\"swiper-lazy\" data-src=\"https:\/\/leiroresidences.com\/wp-content\/uploads\/2024\/04\/A0009368-copia-683x1024-1.webp\" alt=\"\"\/>\n\t\t\t\t\t\t\t\t<div class=\"swiper-lazy-preloader swiper-lazy-preloader-white\"><\/div>\n\t\t\t\t\t\t\t\t\t\t\t\t\t\t\t<\/div>\n\t\t\t\t\t\t\t\t\t\t\t\t\t\n\t\t\t\t\t\t\t<div class=\"swiper-slide\">\n\t\t\t\t\t\t\t\t<img class=\"swiper-lazy\" data-src=\"https:\/\/leiroresidences.com\/wp-content\/uploads\/2024\/04\/A0009490-copia-1024x683-1.webp\" alt=\"\"\/>\n\t\t\t\t\t\t\t\t<div class=\"swiper-lazy-preloader swiper-lazy-preloader-white\"><\/div>\n\t\t\t\t\t\t\t\t\t\t\t\t\t\t\t<\/div>\n\t\t\t\t\t\t\t\t\t\t\t\t\t\n\t\t\t\t\t\t\t<div class=\"swiper-slide\">\n\t\t\t\t\t\t\t\t<img class=\"swiper-lazy\" data-src=\"https:\/\/leiroresidences.com\/wp-content\/uploads\/2024\/04\/A0009859-copia-1024x683-1.webp\" alt=\"\"\/>\n\t\t\t\t\t\t\t\t<div class=\"swiper-lazy-preloader swiper-lazy-preloader-white\"><\/div>\n\t\t\t\t\t\t\t\t\t\t\t\t\t\t\t<\/div>\n\t\t\t\t\t\t\t\t\t\t\t\t\t\n\t\t\t\t\t\t\t<div class=\"swiper-slide\">\n\t\t\t\t\t\t\t\t<img class=\"swiper-lazy\" data-src=\"https:\/\/leiroresidences.com\/wp-content\/uploads\/2024\/04\/A0009775-copia-1024x683-1.webp\" alt=\"\"\/>\n\t\t\t\t\t\t\t\t<div class=\"swiper-lazy-preloader swiper-lazy-preloader-white\"><\/div>\n\t\t\t\t\t\t\t\t\t\t\t\t\t\t\t<\/div>\n\t\t\t\t\t\t\t\t\t\t\t\t\t\n\t\t\t\t\t\t\t<div class=\"swiper-slide\">\n\t\t\t\t\t\t\t\t<img class=\"swiper-lazy\" data-src=\"https:\/\/leiroresidences.com\/wp-content\/uploads\/2024\/04\/A0009872-copia-1024x683-1.webp\" alt=\"\"\/>\n\t\t\t\t\t\t\t\t<div class=\"swiper-lazy-preloader swiper-lazy-preloader-white\"><\/div>\n\t\t\t\t\t\t\t\t\t\t\t\t\t\t\t<\/div>\n\t\t\t\t\t\t\t\t\t\t\t<\/div>\n\t\t\t\t\t<div class=\"swiper-button-next\"><\/div>\n\t\t\t\t\t<div class=\"swiper-button-prev\"><\/div>\n\t\t\t\t<\/div>\t\t\t\n\t\t\t\t\t\t\t\t\t\t\t\t\t\t<div class=\"spectra-image-gallery__control-lightbox--thumbnails-wrapper\">\n\t\t\t\t\t<div class=\"swiper spectra-image-gallery__control-lightbox--thumbnails\">\n\t\t\t\t\t\t<div class=\"swiper-wrapper\">\n\t\t\t\t\t\t\t\t\t\t\t\t\t\t\t<div class=\"swiper-slide\">\n\t\t\t\t\t\t\t\t\t<img decoding=\"async\" src=\"https:\/\/leiroresidences.com\/wp-content\/uploads\/2024\/10\/piscina-spa-higueron-150x150.jpg\" tabindex=\"0\" alt=\"piscina spa higueron\"\/>\n\t\t\t\t\t\t\t\t<\/div>\n\t\t\t\t\t\t\t\t\t\t\t\t\t\t\t<div class=\"swiper-slide\">\n\t\t\t\t\t\t\t\t\t<img decoding=\"async\" src=\"https:\/\/leiroresidences.com\/wp-content\/uploads\/2024\/04\/Spa-Nagomi1-2-1024x563-1-150x150.webp\" tabindex=\"0\" alt=\"\"\/>\n\t\t\t\t\t\t\t\t<\/div>\n\t\t\t\t\t\t\t\t\t\t\t\t\t\t\t<div class=\"swiper-slide\">\n\t\t\t\t\t\t\t\t\t<img decoding=\"async\" src=\"https:\/\/leiroresidences.com\/wp-content\/uploads\/2024\/04\/6F0A9315-1024x600-1-150x150.webp\" tabindex=\"0\" alt=\"\"\/>\n\t\t\t\t\t\t\t\t<\/div>\n\t\t\t\t\t\t\t\t\t\t\t\t\t\t\t<div class=\"swiper-slide\">\n\t\t\t\t\t\t\t\t\t<img decoding=\"async\" src=\"https:\/\/leiroresidences.com\/wp-content\/uploads\/2024\/04\/A0009368-copia-683x1024-1-150x150.webp\" tabindex=\"0\" alt=\"\"\/>\n\t\t\t\t\t\t\t\t<\/div>\n\t\t\t\t\t\t\t\t\t\t\t\t\t\t\t<div class=\"swiper-slide\">\n\t\t\t\t\t\t\t\t\t<img decoding=\"async\" src=\"https:\/\/leiroresidences.com\/wp-content\/uploads\/2024\/04\/A0009490-copia-1024x683-1-150x150.webp\" tabindex=\"0\" alt=\"\"\/>\n\t\t\t\t\t\t\t\t<\/div>\n\t\t\t\t\t\t\t\t\t\t\t\t\t\t\t<div class=\"swiper-slide\">\n\t\t\t\t\t\t\t\t\t<img decoding=\"async\" src=\"https:\/\/leiroresidences.com\/wp-content\/uploads\/2024\/04\/A0009859-copia-1024x683-1-150x150.webp\" tabindex=\"0\" alt=\"\"\/>\n\t\t\t\t\t\t\t\t<\/div>\n\t\t\t\t\t\t\t\t\t\t\t\t\t\t\t<div class=\"swiper-slide\">\n\t\t\t\t\t\t\t\t\t<img decoding=\"async\" src=\"https:\/\/leiroresidences.com\/wp-content\/uploads\/2024\/04\/A0009775-copia-1024x683-1-150x150.webp\" tabindex=\"0\" alt=\"\"\/>\n\t\t\t\t\t\t\t\t<\/div>\n\t\t\t\t\t\t\t\t\t\t\t\t\t\t\t<div class=\"swiper-slide\">\n\t\t\t\t\t\t\t\t\t<img decoding=\"async\" src=\"https:\/\/leiroresidences.com\/wp-content\/uploads\/2024\/04\/A0009872-copia-1024x683-1-150x150.webp\" tabindex=\"0\" alt=\"\"\/>\n\t\t\t\t\t\t\t\t<\/div>\n\t\t\t\t\t\t\t\t\t\t\t\t\t<\/div>\n\t\t\t\t\t<\/div>\n\t\t\t\t<\/div>\n\t\t\t\t\t\t\t\t\t\t\t\t\t\t\t\t\t\t<div class='spectra-image-gallery__control-lightbox--count'>\n\t\t\t\t\t\t\t\t\t\t\t\t\t\t\t\t\t\t\t<span class='spectra-image-gallery__control-lightbox--count-page'>1<\/span>\/<span class='spectra-image-gallery__control-lightbox--count-total'>1<\/span>\n\t\t\t\t\t\t\t\t\t\t\t\t\t\t\t\t\t\t\n\t\t\t\t\t\t\t\t<\/div>\n\t\t\t\t\t\t\t\t\t\t\t\t\t\t\t\t\t\t\t\t\t\t<button class='spectra-image-gallery__control-lightbox--close' aria-label=\"Close\">\n\t\t\t\t\t\t\t\t\t\t\t\t\t<svg xmlns=\"https:\/\/www.w3.org\/2000\/svg\" viewBox= \"0 0 320 512\"><path d=\"M310.6 361.4c12.5 12.5 12.5 32.75 0 45.25C304.4 412.9 296.2 416 288 416s-16.38-3.125-22.62-9.375L160 301.3L54.63 406.6C48.38 412.9 40.19 416 32 416S15.63 412.9 9.375 406.6c-12.5-12.5-12.5-32.75 0-45.25l105.4-105.4L9.375 150.6c-12.5-12.5-12.5-32.75 0-45.25s32.75-12.5 45.25 0L160 210.8l105.4-105.4c12.5-12.5 32.75-12.5 45.25 0s12.5 32.75 0 45.25l-105.4 105.4L310.6 361.4z\"><\/path><\/svg>\n\t\t\t\t\t\t\t\t\t\t\t\t<\/button>\n\t\t\t\t\t\t\t\t\t\t\t\t\t<\/div>\n\t\t\t\t\t\t\t\t\t<\/div><\/div>\n<\/section>\n\n<div class=\"wp-block-group has-global-padding is-layout-constrained wp-container-core-group-is-layout-24cda5c1 wp-block-group-is-layout-constrained\" style=\"padding-right:var(--wp--preset--spacing--40);padding-bottom:90px;padding-left:var(--wp--preset--spacing--40)\">\n<section class=\"wp-block-uagb-container uagb-block-dd0588c8 alignfull uagb-is-root-container\"><div class=\"uagb-container-inner-blocks-wrap\">\n<div class=\"wp-block-uagb-container fadeinright uagb-block-b572efa1\">\n<div class=\"wp-block-uagb-advanced-heading uagb-block-727a09d0\"><h2 class=\"uagb-heading-text\"><strong><strong><strong>WELLNESS HIGUER\u00d3N SPA<\/strong><\/strong><\/strong><\/h2><\/div>\n\n\n\n<div class=\"wp-block-uagb-advanced-heading uagb-block-8d3812cb\"><p class=\"uagb-heading-text\">Ge dig ut p\u00e5 en of\u00f6rgl\u00f6mlig resa mot v\u00e4lbefinnande med behandlingar som \u00e4r utformade f\u00f6r att \u00e5terst\u00e4lla harmonin i kropp och sj\u00e4l.<\/p><\/div>\n\n\n\n<div class=\"wp-block-uagb-advanced-heading uagb-block-24ad13af\"><p class=\"uagb-heading-text\">Uppt\u00e4ck v\u00e5ra 13 behandlingsrum, 3 hydroterapikabiner och v\u00e5rt fysioterapirum.<\/p><\/div>\n\n\n\n<div class=\"wp-block-uagb-advanced-heading uagb-block-7ed8b89b\"><p class=\"uagb-heading-text\">Koppla av i v\u00e5ra lugna relaxavdelningar, unna dig manikyr och pedikyr eller bes\u00f6k v\u00e5r fris\u00f6rsalong.<\/p><\/div>\n\n\n\n<div class=\"wp-block-uagb-advanced-heading uagb-block-8e43bf80\"><p class=\"uagb-heading-text\">F\u00f6ryngra dig med v\u00e5ra UV-solarium.<\/p><\/div>\n\n\n\n<div class=\"wp-block-uagb-advanced-heading uagb-block-ab73f160\"><p class=\"uagb-heading-text\">Exklusiva f\u00f6rm\u00e5ner v\u00e4ntar hotellg\u00e4sterna.<\/p><\/div>\n<\/div>\n\n\n\n<div class=\"wp-block-uagb-container fadeinleft c-sticky uagb-block-35847ea5\">\n<figure class=\"wp-block-image size-full has-custom-border is-style-rounded max-xs\"><img decoding=\"async\" width=\"500\" height=\"333\" src=\"https:\/\/leiroresidences.com\/wp-content\/uploads\/2024\/04\/PPAL_1-2-scaled.min_.webp\" alt=\"\" class=\"wp-image-492\" style=\"border-radius:50rem;aspect-ratio:16\/9;object-fit:cover\" srcset=\"https:\/\/leiroresidences.com\/wp-content\/uploads\/2024\/04\/PPAL_1-2-scaled.min_.webp 500w, https:\/\/leiroresidences.com\/wp-content\/uploads\/2024\/04\/PPAL_1-2-scaled.min_-300x200.webp 300w\" sizes=\"(max-width: 500px) 100vw, 500px\" \/><\/figure>\n<\/div>\n<\/div><\/section>\n<\/div>\n","protected":false},"excerpt":{"rendered":"<p>Uppt\u00e4ck din fulla potential p\u00e5 Higuer\u00f3n Spa. F\u00f6rdjupa dig i en komplett hydroterapi-krets, njut av f\u00f6ryngrande wellness-behandlingar och upplev v\u00e5r h\u00e4lso- och avslappningsritual, allt utformat f\u00f6r att harmonisera kropp, sinne och sj\u00e4l. Endast f\u00f6r vuxna. HIGUER\u00d3N SPA HYDRO CIRCUIT Koppla av och njut av en oas som \u00e4r skr\u00e4ddarsydd just f\u00f6r dig: WELLNESS HIGUER\u00d3N SPA&#8230;<\/p>\n","protected":false},"author":1,"featured_media":3684,"parent":0,"menu_order":0,"comment_status":"closed","ping_status":"closed","template":"","meta":{"_acf_changed":false,"inline_featured_image":false,"_uag_custom_page_level_css":"","footnotes":""},"class_list":["post-3669","page","type-page","status-publish","has-post-thumbnail","hentry"],"acf":[],"uagb_featured_image_src":{"full":["https:\/\/leiroresidences.com\/wp-content\/uploads\/2024\/10\/spa-wellness.jpg",1920,1159,false],"thumbnail":["https:\/\/leiroresidences.com\/wp-content\/uploads\/2024\/10\/spa-wellness-150x150.jpg",150,150,true],"medium":["https:\/\/leiroresidences.com\/wp-content\/uploads\/2024\/10\/spa-wellness-300x181.jpg",300,181,true],"medium_large":["https:\/\/leiroresidences.com\/wp-content\/uploads\/2024\/10\/spa-wellness-768x464.jpg",768,464,true],"large":["https:\/\/leiroresidences.com\/wp-content\/uploads\/2024\/10\/spa-wellness-1024x618.jpg",1024,618,true],"1536x1536":["https:\/\/leiroresidences.com\/wp-content\/uploads\/2024\/10\/spa-wellness-1536x927.jpg",1536,927,true],"2048x2048":["https:\/\/leiroresidences.com\/wp-content\/uploads\/2024\/10\/spa-wellness.jpg",1920,1159,false]},"uagb_author_info":{"display_name":"@oscar","author_link":"https:\/\/leiroresidences.com\/sv\/author\/oscar\/"},"uagb_comment_info":0,"uagb_excerpt":"Uppt\u00e4ck din fulla potential p\u00e5 Higuer\u00f3n Spa. F\u00f6rdjupa dig i en komplett hydroterapi-krets, njut av f\u00f6ryngrande wellness-behandlingar och upplev v\u00e5r h\u00e4lso- och avslappningsritual, allt utformat f\u00f6r att harmonisera kropp, sinne och sj\u00e4l. Endast f\u00f6r vuxna. HIGUER\u00d3N SPA HYDRO CIRCUIT Koppla av och njut av en oas som \u00e4r skr\u00e4ddarsydd just f\u00f6r dig: WELLNESS HIGUER\u00d3N SPA...","_links":{"self":[{"href":"https:\/\/leiroresidences.com\/sv\/wp-json\/wp\/v2\/pages\/3669","targetHints":{"allow":["GET"]}}],"collection":[{"href":"https:\/\/leiroresidences.com\/sv\/wp-json\/wp\/v2\/pages"}],"about":[{"href":"https:\/\/leiroresidences.com\/sv\/wp-json\/wp\/v2\/types\/page"}],"author":[{"embeddable":true,"href":"https:\/\/leiroresidences.com\/sv\/wp-json\/wp\/v2\/users\/1"}],"replies":[{"embeddable":true,"href":"https:\/\/leiroresidences.com\/sv\/wp-json\/wp\/v2\/comments?post=3669"}],"version-history":[{"count":1,"href":"https:\/\/leiroresidences.com\/sv\/wp-json\/wp\/v2\/pages\/3669\/revisions"}],"predecessor-version":[{"id":3687,"href":"https:\/\/leiroresidences.com\/sv\/wp-json\/wp\/v2\/pages\/3669\/revisions\/3687"}],"wp:featuredmedia":[{"embeddable":true,"href":"https:\/\/leiroresidences.com\/sv\/wp-json\/wp\/v2\/media\/3684"}],"wp:attachment":[{"href":"https:\/\/leiroresidences.com\/sv\/wp-json\/wp\/v2\/media?parent=3669"}],"curies":[{"name":"wp","href":"https:\/\/api.w.org\/{rel}","templated":true}]}}